{"id":977,"date":"2019-11-01T13:10:20","date_gmt":"2019-11-01T16:10:20","guid":{"rendered":"http:\/\/ibsousas.org.br\/?page_id=977"},"modified":"2020-03-02T15:52:28","modified_gmt":"2020-03-02T18:52:28","slug":"pgm-pequeno-grupo-multiplicador","status":"publish","type":"page","link":"https:\/\/ibsousas.org.br\/?page_id=977","title":{"rendered":"PGM &#8211; Pequeno Grupo Multiplicador"},"content":{"rendered":"\n<p><\/p>\n\n\n\n<p>\u00c9 um Pequeno Grupo de pessoas da Igreja, que se re\u00fane nos\nlares semanalmente, com o prop\u00f3sito de:<\/p>\n\n\n\n<ul><li>louvar e adorar a Deus<\/li><li>estudar fielmente sua Palavra, ouvindo e esclarecendo d\u00favidas<\/li><li>agradecer a Deus pelas ben\u00e7\u00e3os e pela Sua Vontade para n\u00f3s<\/li><li>interceder a Deus pelos irm\u00e3os, fam\u00edlia, amigos e a sociedade<\/li><li>manter comunh\u00e3o alegre e descontra\u00edda com o grupo<\/li><li>ajudar a multiplicar as ben\u00e7\u00e3os de Deus \u00e0 outras pessoas<\/li><\/ul>\n\n\n\n<p>Veja locais e hor\u00e1rios:<\/p>\n\n\n\n<p>Ter\u00e7as \u00e0s 20h15 \u2013 Jardim Concei\u00e7\u00e3o \u2013 Sousas \u2013 Contato para informa\u00e7\u00f5es Elias: 19 9-8948-9004<\/p>\n\n\n\n<p>Quartas \u00e0s 20h \u2013 Nova Sousas \u2013 Sousas \u2013 Contato para informa\u00e7\u00f5es Antonio: 19 9-8880-7600<\/p>\n\n\n\n<p>Quartas \u00e0s 20h15 \u2013 Swift \u2013 Campinas \u2013 Contato para informa\u00e7\u00f5es Fabiana: 19 9-9242-2041<\/p>\n\n\n\n<p>Quintas \u00e0s 20h \u2013 Jd Paranapanema \u2013 Campinas \u2013 Contato para informa\u00e7\u00f5es Francisca: 19 9-8989-8644<br><\/p>\n<div class='sfsi_Sicons' style='width: 100%; display: inline-block; vertical-align: middle; text-align:left'><div style='margin:0px 8px 0px 0px; line-height: 24px'><span>((( Curtiu a ben\u00e7\u00e3o? Ent\u00e3o aben\u00e7oe outros compartilhando ! )))<\/span><\/div><div class='sfsi_socialwpr'><div class='sf_fb' style='text-align:left;vertical-align: middle;width:98px'><div class=\"fb-like\" data-href=\"https:\/\/ibsousas.org.br\/?page_id=977\" data-width=\"180\" data-send=\"false\" data-show-faces=\"false\"  data-action=\"like\" data-share=\"true\"data-layout=\"button\" ><\/div><\/div><\/div><\/div>","protected":false},"excerpt":{"rendered":"<p>\u00c9 um Pequeno Grupo de pessoas da Igreja, que se re\u00fane nos lares semanalmente, com o prop\u00f3sito de: louvar e adorar a Deus estudar fielmente sua Palavra, ouvindo e esclarecendo d\u00favidas agradecer a Deus pelas ben\u00e7\u00e3os e pela Sua Vontade para n\u00f3s interceder a Deus pelos irm\u00e3os, fam\u00edlia, amigos e a sociedade manter comunh\u00e3o alegre [&hellip;]<\/p>\n","protected":false},"author":1,"featured_media":0,"parent":0,"menu_order":0,"comment_status":"closed","ping_status":"closed","template":"","meta":[],"_links":{"self":[{"href":"https:\/\/ibsousas.org.br\/index.php?rest_route=\/wp\/v2\/pages\/977"}],"collection":[{"href":"https:\/\/ibsousas.org.br\/index.php?rest_route=\/wp\/v2\/pages"}],"about":[{"href":"https:\/\/ibsousas.org.br\/index.php?rest_route=\/wp\/v2\/types\/page"}],"author":[{"embeddable":true,"href":"https:\/\/ibsousas.org.br\/index.php?rest_route=\/wp\/v2\/users\/1"}],"replies":[{"embeddable":true,"href":"https:\/\/ibsousas.org.br\/index.php?rest_route=%2Fwp%2Fv2%2Fcomments&post=977"}],"version-history":[{"count":4,"href":"https:\/\/ibsousas.org.br\/index.php?rest_route=\/wp\/v2\/pages\/977\/revisions"}],"predecessor-version":[{"id":1161,"href":"https:\/\/ibsousas.org.br\/index.php?rest_route=\/wp\/v2\/pages\/977\/revisions\/1161"}],"wp:attachment":[{"href":"https:\/\/ibsousas.org.br\/index.php?rest_route=%2Fwp%2Fv2%2Fmedia&parent=977"}],"curies":[{"name":"wp","href":"https:\/\/api.w.org\/{rel}","templated":true}]}}