{"id":78,"date":"2019-08-04T21:05:12","date_gmt":"2019-08-05T00:05:12","guid":{"rendered":"http:\/\/ibsousas.org.br\/?page_id=78"},"modified":"2025-12-15T13:35:29","modified_gmt":"2025-12-15T16:35:29","slug":"ebd","status":"publish","type":"page","link":"https:\/\/ibsousas.org.br\/?page_id=78","title":{"rendered":"Escola B\u00edblica"},"content":{"rendered":"\n<p>Todos os Domingos das 17h00 \u00e0s 18h00 com classes para adultos, jovens, e classe especial infantil para crian\u00e7as at\u00e9 09 anos de idade.<\/p>\n\n\n\n<p><\/p>\n\n\n\n<hr class=\"wp-block-separator\"\/>\n\n\n\n<p><\/p>\n\n\n\n<p><\/p>\n\n\n\n<hr class=\"wp-block-separator\"\/>\n\n\n\n<p style=\"font-size:-2px\"><\/p>\n\n\n\n<p><\/p>\n\n\n\n<p><\/p>\n\n\n\n<div class=\"alignnormal\"><div id=\"metaslider-id-894\" style=\"max-width: 490px; margin: 0 auto;\" class=\"ml-slider-3-15-2 metaslider metaslider-flex metaslider-894 ml-slider\">\n    <div id=\"metaslider_container_894\">\n        <div id=\"metaslider_894\" class=\"flexslider\">\n            <ul aria-live=\"polite\" class=\"slides\">\n                <li style=\"display: block; width: 100%;\" class=\"slide-895 ms-image\"><img src=\"https:\/\/ibsousas.org.br\/wp-content\/uploads\/2019\/10\/EBD-MULHERES-490x250.jpg\" height=\"250\" width=\"490\" alt=\"\" class=\"slider-894 slide-895\" title=\"EBD MULHERES\" \/><\/li>\n                <li style=\"display: none; width: 100%;\" class=\"slide-896 ms-image\"><img src=\"https:\/\/ibsousas.org.br\/wp-content\/uploads\/2019\/10\/EBD-HOMENS-490x250.jpg\" height=\"250\" width=\"490\" alt=\"\" class=\"slider-894 slide-896\" title=\"EBD HOMENS\" \/><\/li>\n                <li style=\"display: none; width: 100%;\" class=\"slide-917 ms-image\"><img src=\"https:\/\/ibsousas.org.br\/wp-content\/uploads\/2019\/10\/ebdc3-490x250.jpeg\" height=\"250\" width=\"490\" alt=\"\" class=\"slider-894 slide-917\" title=\"ebdc3\" \/><\/li>\n            <\/ul>\n        <\/div>\n        \n    <\/div>\n<\/div><\/div>\n\n\n\n<p>Venha aprender um pouco mais sobre como &#8220;<strong>amar a Deus e ao pr\u00f3ximo como a si mesmo &#8230;<\/strong>&#8220;.   N\u00e3o fique de fora !!!!<\/p>\n\n\n\n<p><\/p>\n<div class='sfsi_Sicons' style='width: 100%; display: inline-block; vertical-align: middle; text-align:left'><div style='margin:0px 8px 0px 0px; line-height: 24px'><span>((( Curtiu a ben\u00e7\u00e3o? Ent\u00e3o aben\u00e7oe outros compartilhando ! )))<\/span><\/div><div class='sfsi_socialwpr'><div class='sf_fb' style='text-align:left;vertical-align: middle;width:98px'><div class=\"fb-like\" data-href=\"https:\/\/ibsousas.org.br\/?page_id=78\" data-width=\"180\" data-send=\"false\" data-show-faces=\"false\"  data-action=\"like\" data-share=\"true\"data-layout=\"button\" ><\/div><\/div><\/div><\/div>","protected":false},"excerpt":{"rendered":"<p>Todos os Domingos das 17h00 \u00e0s 18h00 com classes para adultos, jovens, e classe especial infantil para crian\u00e7as at\u00e9 09 anos de idade. Venha aprender um pouco mais sobre como &#8220;amar a Deus e ao pr\u00f3ximo como a si mesmo &#8230;&#8220;. N\u00e3o fique de fora !!!! ((( Curtiu a ben\u00e7\u00e3o? Ent\u00e3o aben\u00e7oe outros compartilhando ! [&hellip;]<\/p>\n","protected":false},"author":1,"featured_media":0,"parent":0,"menu_order":0,"comment_status":"closed","ping_status":"closed","template":"","meta":[],"_links":{"self":[{"href":"https:\/\/ibsousas.org.br\/index.php?rest_route=\/wp\/v2\/pages\/78"}],"collection":[{"href":"https:\/\/ibsousas.org.br\/index.php?rest_route=\/wp\/v2\/pages"}],"about":[{"href":"https:\/\/ibsousas.org.br\/index.php?rest_route=\/wp\/v2\/types\/page"}],"author":[{"embeddable":true,"href":"https:\/\/ibsousas.org.br\/index.php?rest_route=\/wp\/v2\/users\/1"}],"replies":[{"embeddable":true,"href":"https:\/\/ibsousas.org.br\/index.php?rest_route=%2Fwp%2Fv2%2Fcomments&post=78"}],"version-history":[{"count":39,"href":"https:\/\/ibsousas.org.br\/index.php?rest_route=\/wp\/v2\/pages\/78\/revisions"}],"predecessor-version":[{"id":1276,"href":"https:\/\/ibsousas.org.br\/index.php?rest_route=\/wp\/v2\/pages\/78\/revisions\/1276"}],"wp:attachment":[{"href":"https:\/\/ibsousas.org.br\/index.php?rest_route=%2Fwp%2Fv2%2Fmedia&parent=78"}],"curies":[{"name":"wp","href":"https:\/\/api.w.org\/{rel}","templated":true}]}}