{"id":63,"date":"2019-08-04T21:01:43","date_gmt":"2019-08-05T00:01:43","guid":{"rendered":"http:\/\/ibsousas.org.br\/?page_id=63"},"modified":"2022-09-21T13:25:53","modified_gmt":"2022-09-21T16:25:53","slug":"outros-temas","status":"publish","type":"page","link":"https:\/\/ibsousas.org.br\/?page_id=63","title":{"rendered":"Outros temas"},"content":{"rendered":"\n<p><\/p>\n\n\n\n<ul><li><a href=\"http:\/\/ibsousas.org.br\/wp-content\/uploads\/2022\/09\/Cristao-e-a-Politica.pdf\" data-type=\"URL\"><strong>O Crist\u00e3o e a <\/strong><\/a><strong><a href=\"http:\/\/ibsousas.org.br\/wp-content\/uploads\/2022\/09\/Cristo-x-Politica.pdf\" data-type=\"URL\">Pol\u00edtica<\/a><a href=\"http:\/\/ibsousas.org.br\/wp-content\/uploads\/2022\/09\/Cristao-x-Politica.pdf\" data-type=\"URL\"> <\/a><a href=\"http:\/\/ibsousas.org.br\/wp-content\/uploads\/2022\/09\/Cristo-x-Politica.pdf\" data-type=\"URL\">&#8211; <\/a><a href=\"http:\/\/ibsousas.org.br\/wp-content\/uploads\/2022\/09\/Cristao-x-Politica.pdf\" data-type=\"URL\">Estudo<\/a><\/strong><\/li><li><a href=\"http:\/\/ibsousas.org.br\/wp-content\/uploads\/2022\/09\/Cristao-e-a-Politica.pdf\" data-type=\"URL\"><strong>O Crist\u00e3o e a <\/strong><\/a><strong><a href=\"https:\/\/www.facebook.com\/daniele.ventura.7399\/videos\/2572903139588536\/?amp%3B_rdr&amp;_rdc=2&amp;_rdr\" data-type=\"URL\">Pol\u00edtica &#8211; Video<\/a><\/strong><\/li><li><a href=\"https:\/\/ibsousas.org.br\/?page_id=1221\" data-type=\"URL\"><strong>Porque Alguns N\u00e3o Cr\u00eaem em Cristo?<\/strong><\/a><\/li><li><a href=\"https:\/\/ibsousas.org.br\/?page_id=1221\" data-type=\"URL\" data-id=\"https:\/\/ibsousas.org.br\/?page_id=1221\"><strong>Deus em Meio as Minhas Dores &#8211; Aconselhamento B\u00edblico<\/strong><\/a><\/li><li><a href=\"https:\/\/ibsousas.org.br\/?page_id=1211\" data-type=\"URL\"><strong>Somos Igreja ou Somos Corpo de Cristo?<\/strong><\/a><\/li><li><a href=\"http:\/\/ibsousas.org.br\/wp-content\/uploads\/2020\/01\/SexBibl.ppt\">Sexualidade \u00e0 Luz da B\u00edblia<\/a><\/li><li><a href=\"http:\/\/ibsousas.org.br\/wp-content\/uploads\/2019\/11\/3Coisas.ppt\">3 Coisas Sobre Ser Igreja em Romanos 1<\/a><\/li><li><a href=\"http:\/\/ibsousas.org.br\/wp-content\/uploads\/2019\/11\/AChave.ppt\">A Chave de Deus Para o Sucesso Familiar<\/a><\/li><li><a href=\"http:\/\/ibsousas.org.br\/wp-content\/uploads\/2019\/11\/OAspecto.ppt\">O Aspecto Horizontal da Ceia do Senhor<\/a><\/li><li><a href=\"http:\/\/ibsousas.org.br\/wp-content\/uploads\/2019\/11\/PAZRomanos.ppt\">PAZ &#8211; Romanos 5.1<\/a><\/li><li><\/li><li><a href=\"http:\/\/ibsousas.org.br\/wp-content\/uploads\/2019\/10\/SerIGREJABATISTA.pdf\">O que \u00e9 ser Igreja Batista<\/a> <\/li><li><a href=\"http:\/\/ibsousas.org.br\/wp-content\/uploads\/2019\/10\/SerIgrejaBatista-Aula1.ppt\">O que \u00e9 ser Igreja Batista &#8211; Aula 1<\/a><\/li><li><a href=\"http:\/\/ibsousas.org.br\/wp-content\/uploads\/2019\/10\/SerIgrejaBatista-Aula2.ppt\">O que \u00e9 ser Igreja Batista &#8211; Aula 2<\/a><\/li><li><a href=\"http:\/\/ibsousas.org.br\/wp-content\/uploads\/2019\/10\/SerIgrejaBatista-Aula3.ppt\">O que \u00e9 ser Igreja Batista &#8211; Aula 3<\/a> <\/li><li><a href=\"http:\/\/ibsousas.org.br\/wp-content\/uploads\/2019\/10\/SerIgrejaBatista-Aula4.ppt\">O que \u00e9 ser Igreja Batista &#8211; Aula 4 (Dom de L\u00ednguas)<\/a><\/li><li><\/li><li><a href=\"http:\/\/ibsousas.org.br\/wp-content\/uploads\/2019\/10\/PaiDaFamilia.ppt\">O PAI da Fam\u00edlia<\/a><\/li><li><a href=\"http:\/\/ibsousas.org.br\/wp-content\/uploads\/2019\/09\/IgrejaFamilia.ppt\">Igreja Fam\u00edlia de Deus<\/a><\/li><li><a href=\"http:\/\/ibsousas.org.br\/wp-content\/uploads\/2019\/09\/Dificuld_Oracao.ppt\">Porque Eu Tenho Tantas Dificuldades na Vida de Ora\u00e7\u00e3o<\/a><\/li><li><a href=\"http:\/\/ibsousas.org.br\/wp-content\/uploads\/2019\/08\/DeusExiste.ppt\">Ser\u00e1 Que Deus Existe Mesmo ?<\/a><\/li><li><a href=\"http:\/\/ibsousas.org.br\/wp-content\/uploads\/2019\/08\/OndeEstaDeus.ppt\">Aonde Est\u00e1 Deus em Meio \u00e0s Trag\u00e9dias ?<\/a><\/li><li><a href=\"http:\/\/ibsousas.org.br\/wp-content\/uploads\/2019\/08\/PorqueBusco.ppt\">Porque Eu Busco a Deus e Nada Melhora Na Minha Vida\u00a0?<\/a><\/li><li><\/li><li><a href=\"http:\/\/www.ibsousas.org.br\/wp-content\/uploads\/2014\/11\/Aconselhando-Casos-Dif\u00edceis.ppt\">ACONSELHANDO CASOS DIF\u00cdCEIS \u2013 PR ALEXANDRE SACHA<\/a><\/li><li><a href=\"http:\/\/www.ibsousas.org.br\/wp-content\/uploads\/2012\/04\/II-Encontro-de-Casais.ppt\">A FERRAMENTA SECRETA PARA MELHORAR SEU CASAMENTO<\/a><\/li><li><a href=\"http:\/\/www.ibsousas.org.br\/wp-content\/uploads\/2013\/03\/Amando-Pessoas-Como-Agir-Com-Quem-Esta-Fora-da-Igreja.ppt\">AMANDO PESSOAS \u2013 COMO AGIR COM QUEM EST\u00c1 FORA DA IGREJA?<\/a><\/li><li><a href=\"http:\/\/www.ibsousas.org.br\/wp-content\/uploads\/2010\/11\/Aonde-Ficam-as-Almas-Ap\u00f3s-a-Morte-e-Antes-do-Ju\u00edzo-Final.ppt\">AONDE FICAM AS ALMAS AP\u00d3S A MORTE E ANTES DO JU\u00cdZO FINAL? \u2013 PR CHARLES OLIVEIRA<\/a><\/li><li><a href=\"http:\/\/www.ibsousas.org.br\/wp-content\/uploads\/2014\/04\/A-P\u00e1scoa-Um-Novo-Caminho.ppt\">A P\u00c1SCOA: UM NOVO CAMINHO<\/a><\/li><li><a href=\"http:\/\/www.ibsousas.org.br\/wp-content\/uploads\/2011\/09\/APLICANDO-AS-PROMESSAS-DE-DEUS-SOBRE-IGREJA-\u00c0S-NOSSAS-VIDAS.ppt\">APLICANDO AS PROMESSAS DE DEUS SOBRE IGREJAS \u00c0S NOSSAS VIDAS<\/a><\/li><li><a href=\"http:\/\/www.ibsousas.org.br\/wp-content\/uploads\/2010\/03\/A-TEOLOGIA-DO-BOTECO.doc\">A TEOLOGIA DO BOTECO (TEXTO) \u2013 PR. RODRIGO FONTANA<\/a><\/li><li><a href=\"http:\/\/www.ibsousas.org.br\/wp-content\/uploads\/2014\/10\/Apolog\u00e9tica-Aula-Jocum-Jundia\u00ed.ppt\">AULA DE APOLOG\u00c9TICA<\/a><\/li><li><a href=\"http:\/\/www.ibsousas.org.br\/wp-content\/uploads\/2012\/08\/Aula-De-Dons-O-Que-S\u00e3o.ppt\">AULA DE DONS \u2013 O QUE S\u00c3O?<\/a><\/li><li><a href=\"http:\/\/www.ibsousas.org.br\/wp-content\/uploads\/2012\/08\/Aula-De-Dons-Como-Descobrir.ppt\">AULA DE DONS \u2013 COMO DESCOBRIR?<\/a><\/li><li><a href=\"http:\/\/www.ibsousas.org.br\/wp-content\/uploads\/2012\/08\/Aula-De-Dons-Como-Usar.ppt\">AULA DE DONS \u2013 COMO USAR?<\/a><\/li><li><a href=\"http:\/\/www.ibsousas.org.br\/wp-content\/uploads\/2010\/03\/Uma-Igreja-Militante-14-03-10-MP3.mp3\">BATALHA ESPIRITUAL \u2013 UMA IGREJA MILITANTE! (\u00c1UDIO)<\/a><\/li><li><a href=\"http:\/\/www.ibsousas.org.br\/wp-content\/uploads\/2010\/03\/N\u00ba-3-Uma-Igreja-Militante.ppt\">BATALHA ESPIRITUAL \u2013 UMA IGREJA MILITANTE! (POWERPOINT)<\/a><\/li><li><a href=\"http:\/\/www.ibsousas.org.br\/wp-content\/uploads\/2010\/11\/Batismos-em-nome-de-Jesus-ou-da-Trindade-Unicismo-Trindade-e-afins.ppt\">BATISMOS EM NOME DE JESUS OU DA TRINDADE? UNICISMO, TRINDADE E AFINS\u2026<\/a><\/li><li><a href=\"http:\/\/www.ibsousas.org.br\/wp-content\/uploads\/2010\/03\/Examine-se-a-Si-Mesmo-07-03-10-MP3.mp3\">CEIA DO SENHOR \u2013 I COR\u00cdNTIOS 11 \u201cEXAMINE-SE\u2026\u201d (\u00c1UDIO)<\/a><\/li><li><a href=\"http:\/\/www.ibsousas.org.br\/wp-content\/uploads\/2010\/03\/EXAMINE-SE-A-SI-MESMO.ppt\">CEIA DO SENHOR \u2013 I COR\u00cdNTIOS 11 \u201cEXAMINE-SE\u2026\u201d (POWERPOINT)<\/a><\/li><li><a href=\"http:\/\/www.ibsousas.org.br\/wp-content\/uploads\/2012\/09\/Crise-de-Identidade.ppt\">CRISE DE IDENTIDADE (ECLESI\u00c1STICA)<\/a><\/li><li><a href=\"http:\/\/www.ibsousas.org.br\/wp-content\/uploads\/2013\/03\/Como-Ajudar-Algu\u00e9m-Com-Depressao.ppt\">COMO AJUDAR ALGU\u00c9M COM DEPRESS\u00c3O?<\/a><\/li><li>COMO APERFEI\u00c7OAR MEU DOM ESPIRITUAL? IR LUCAS ALVES DE OLIVEIRA<\/li><li>COMO \u00c9 DEUS?<\/li><li><a href=\"http:\/\/www.ibsousas.org.br\/wp-content\/uploads\/2013\/11\/Como-Serao-Salvos-Se-Nunca-Ouviram-Falar-de-Cristo.ppt\">COMO SER\u00c3O SALVOS SE NUNCA OUVIRAM FALAR DE CRISTO?<\/a><\/li><li><a href=\"http:\/\/www.ibsousas.org.br\/wp-content\/uploads\/2012\/02\/Cura-Para-a-Ansiedade-Pela-Palavra.ppt\">CURA PARA A ANSIEDADE PELA PALAVRA<\/a><\/li><li><a href=\"http:\/\/www.ibsousas.org.br\/wp-content\/uploads\/2012\/01\/CURA-PARA-A-DEPRESS\u00c3O-PELA-PALAVRA.ppt\">CURA PARA A DEPRESS\u00c3O PELA PALAVRA<\/a><\/li><li>CURA PARA A FALTA DE FERVOR ESPIRITUAL PELA PALAVRA<\/li><li><a href=\"http:\/\/www.ibsousas.org.br\/wp-content\/uploads\/2012\/01\/CURA-PARA-A-INGRATID\u00c3O-PELA-PALAVRA.ppt\">CURA PARA A INGRATID\u00c3O PELA PALAVRA<\/a><\/li><li><a href=\"http:\/\/www.ibsousas.org.br\/wp-content\/uploads\/2012\/01\/Cura-Para-a-Murmura\u00e7\u00e3o-Pela-Palavra.ppt\">CURA PARA A MURMURA\u00c7\u00c3O PELA PALAVRA<\/a><\/li><li><a href=\"http:\/\/www.ibsousas.org.br\/wp-content\/uploads\/2011\/12\/CURA-PARA-A-REJEI\u00c7\u00c3O-PELA-PALAVRA.ppt\">CURA PARA A REJEI\u00c7\u00c3O PELA PALAVRA<\/a><\/li><li><a href=\"http:\/\/www.ibsousas.org.br\/wp-content\/uploads\/2012\/01\/Cura-Para-a-Trai\u00e7\u00e3o-Pela-Palavra.ppt\">CURA PARA A TRAI\u00c7\u00c3O PELA PALAVRA<\/a><\/li><li><a href=\"http:\/\/www.ibsousas.org.br\/wp-content\/uploads\/2010\/07\/CURSO-DE-HOMIL\u00c9TICA.ppt\">CURSO DE HOMIL\u00c9TICA \u2013 COMO PREGAR?<\/a><\/li><li><a href=\"http:\/\/www.ibsousas.org.br\/wp-content\/uploads\/2013\/10\/Curso-de-Hermen\u00eautica.ppt\">CURSO DE HERMEN\u00caUTICA (PPW)<\/a><\/li><li><a href=\"http:\/\/www.ibsousas.org.br\/wp-content\/uploads\/2013\/10\/CURSO-DE-HERMEN\u00caUTICA.doc\">CURSO DE HERMEN\u00caUTICA (EM WORD)<\/a><\/li><li><a href=\"http:\/\/www.ibsousas.org.br\/wp-content\/uploads\/2012\/07\/Derrubando-gigantes-no-casamento.pptx\">DERRUBANDO OS GIGANTES NO CASAMENTO \u2013 PAULO BONILHA<\/a><\/li><li><a href=\"http:\/\/www.ibsousas.org.br\/wp-content\/uploads\/2013\/08\/DOUTRINA-DE-DEUS-Aula-02.ppt\">DEUS \u2013 COMO ELE \u00c9?<\/a><\/li><li><a href=\"http:\/\/www.ibsousas.org.br\/wp-content\/uploads\/2011\/10\/DEUS-CRIADOR-Sobre-Criacionismo-F\u00e9-Ci\u00eancia-e-Afins.ppt\">DEUS-CRIADOR (SOBRE CRIACIONISMO, F\u00c9 &amp; CI\u00caNCIA E AFINS)<\/a><\/li><li><a href=\"http:\/\/www.ibsousas.org.br\/wp-content\/uploads\/2013\/08\/DOUTRINA-DE-DEUS.ppt\">DEUS EXISTE?<\/a><\/li><li><a href=\"http:\/\/www.ibsousas.org.br\/wp-content\/uploads\/2010\/04\/Deus-Meu-Melhor-Amigo-Projeto-Ministerio-de-Jovens-e-Adolesc.-IBS-Sem.-Sergio-Fermino.ppt\">DEUS MEU MELHOR AMIGO -PROJETO DE JOVENS E ADOLESCENTES DA IBS 2010-11 \u2013 SEM. SERGIO FERMINO<\/a><\/li><li><a href=\"http:\/\/www.ibsousas.org.br\/wp-content\/uploads\/2011\/11\/IBSousas.pptx\">DISCIPULADO \u2013 O CAMINHO PARA A VIDA PLENA EM CRISTO<\/a><\/li><li><a href=\"http:\/\/www.ibsousas.org.br\/wp-content\/uploads\/2010\/09\/Aula-1.ppt\">DONS ESPIRITUAIS \u2013 AULA 1 (MARK DRISCOLL)<\/a><\/li><li><a href=\"http:\/\/www.ibsousas.org.br\/wp-content\/uploads\/2010\/09\/Aula-2.ppt\">DONS ESPIRITUAIS \u2013 AULA 2 (MARK DRISCOLL)<\/a><\/li><li><a href=\"http:\/\/www.ibsousas.org.br\/wp-content\/uploads\/2010\/09\/Aula-3.ppt\">DONS ESPIRITUAIS \u2013 AULA 3 (MARK DRISCOLL)<\/a><\/li><li><a href=\"http:\/\/www.ibsousas.org.br\/wp-content\/uploads\/2010\/09\/Aula-4.ppt\">DONS ESPIRITUAIS \u2013 AULA 4 (MARK DRISCOLL)<\/a><\/li><li><a href=\"http:\/\/www.ibsousas.org.br\/wp-content\/uploads\/2010\/10\/Aula-5-Resumo-e-Conclus\u00f5es-Finais.ppt\">DONS ESPIRITUAIS \u2013 AULA 5 \u2013 RESUMO E CONCLUS\u00d5ES FINAIS<\/a><\/li><li><a href=\"http:\/\/www.ibsousas.org.br\/wp-content\/uploads\/2012\/04\/Cristo-nosso-modelo-supremo-Batismo.ppt\">DOUTRINA DO BATISMO \u2013 CRISTO NOSSO MODELO SUPREMO\u2026<\/a><\/li><li><a href=\"http:\/\/www.ibsousas.org.br\/wp-content\/uploads\/2010\/03\/\u00c9-CORRETO-O-CRENTE-BEBER-SOCIALMENTE.doc\">\u00c9 CORRETO O CRENTE BEBER SOCIALMENTE?<\/a><\/li><li><a href=\"http:\/\/www.ibsousas.org.br\/wp-content\/uploads\/2013\/11\/E-Se-Achassem-Outra-Carta-de-Paulo...ppt\">E SE ACHASSEM OUTRA CARTA DE PAULO, ELA ENTRARIA NA B\u00cdBLIA?<\/a><\/li><li><a href=\"http:\/\/www.ibsousas.org.br\/wp-content\/uploads\/2013\/04\/O-Espiritismo.doc\">ESPIRITISMO \u2013 PR PAULO AMARAL DOS SANTOS<\/a><\/li><li><a href=\"http:\/\/www.ibsousas.org.br\/wp-content\/uploads\/2012\/11\/Estar\u00edamos-Presos-na-Gaiola-da-Lei.ppt\">ESTAR\u00cdAMOS PRESOS NA GAIOLA DA LEI? (inclui explica\u00e7\u00e3o sobre a guarda do S\u00e1bado)<\/a><\/li><li><a href=\"http:\/\/www.ibsousas.org.br\/wp-content\/uploads\/2012\/05\/Estudo-Para-Casais-Papel-do-Marido-e-da-Esposa.pdf\">ESTUDO PARA CASAIS: O PAPEL DA MULHER \u2013 WILING SGONOLF<\/a><\/li><li>EVANGELISMO: CONCEITOS, T\u00c9CNICAS E CONSIDERA\u00c7\u00d5ES<\/li><li><a href=\"http:\/\/www.ibsousas.org.br\/wp-content\/uploads\/2010\/10\/FOCO-EM-DEUS.ppt\">FOCO EM DEUS! (ESTUDO SOBRE PERSEVERAN\u00c7A)<\/a><\/li><li><a href=\"http:\/\/www.ibsousas.org.br\/wp-content\/uploads\/2011\/11\/JO\u00c3O-BATISTA-O-Que-Ele-Nos-Ensina-Hoje....ppt\">JO\u00c3O BATISTA \u2013 O QUE ELE NOS ENSINA HOJE?<\/a><\/li><li><a href=\"http:\/\/www.ibsousas.org.br\/wp-content\/uploads\/2011\/04\/Honrar-Pai-e-M\u00e3e.ppt\">HONRAR PAI E M\u00c3E \u2013 O MANDAMENTO DE \u00caXODO 20:12 \u2013 PR CHARLES ESPEDITO<\/a><\/li><li><a href=\"http:\/\/www.ibsousas.org.br\/wp-content\/uploads\/2012\/04\/VOC\u00ca-J\u00c1-SE-INSCREVEU....ppt\">LIVRO DA VIDA: VOC\u00ca J\u00c1 SE INSCREVEU?<\/a><\/li><li><a href=\"http:\/\/www.ibsousas.org.br\/wp-content\/uploads\/2013\/09\/Apostila-Min.-Infantil-Larissa.doc\">MINIST\u00c9RIO INFANTIL \u2013 APOSTILA DE TREINAMENTO<\/a><\/li><li><a href=\"http:\/\/www.ibsousas.org.br\/wp-content\/uploads\/2013\/04\/Mormons-Joao-Bragion.ppt\">M\u00d3RMONS \u2013 PR JO\u00c3O BRAGION<\/a><\/li><li><a href=\"http:\/\/www.ibsousas.org.br\/wp-content\/uploads\/2010\/09\/N\u00f3s-Temos-o-Que-Falar-A-Igreja-Kerigm\u00e1tica.ppt\">N\u00d3S TEMOS O QUE FALAR! \u2013 A IGREJA KERIGM\u00c1TICA<\/a><\/li><li><a href=\"http:\/\/www.ibsousas.org.br\/wp-content\/uploads\/2011\/03\/O-Cuidado-com-o-Corpo-Altera-a-Nossa-Estrutura-Espiritual.ppt\">O CUIDADO COM O CORPO ALTERA A NOSSA ESTRUTURA ESPIRITUAL<\/a><\/li><li><a href=\"http:\/\/www.ibsousas.org.br\/wp-content\/uploads\/2012\/08\/\u00caxodo-eu-e-vc.ppt\">O LIVRO DE \u00caXODO, EU E VOC\u00ca \u2013 SEM SERGIO FERMINO<\/a><\/li><li><a href=\"http:\/\/www.ibsousas.org.br\/wp-content\/uploads\/2012\/10\/O-Que-Voc\u00ea-Precisa-Saber-Sobre-a-Ceia-do-Senhor.ppt\">O QUE VOC\u00ca PRECISA SABER SOBRE A CEIA DO SENHOR<\/a><\/li><li><a href=\"http:\/\/www.ibsousas.org.br\/wp-content\/uploads\/2011\/02\/Os-Perigos-das-Heresias-Vlademir-Hernandes.ppt\">OS PERIGOS DAS HERESIAS \u2013 PR VLADEMIR HERNANDES DA IBCU<\/a><\/li><li><a href=\"http:\/\/www.ibsousas.org.br\/wp-content\/uploads\/2014\/12\/O-Testemunho-Crist\u00c3\u00a3o.ppt\">O TESTEMUNHO CRIST\u00c3O \u2013 AULA DA EBD DO IR. ACIOLY<\/a><\/li><li><a href=\"http:\/\/www.ibsousas.org.br\/wp-content\/uploads\/2013\/02\/Pentateuco-Do-Nada-ao-Povo-Escolhido-Aula-01.ppt\">PENTATEUCO: DO NADA AO POVO ESCOLHIDO \u2013 AULA 01<\/a><\/li><li><a href=\"http:\/\/www.ibsousas.org.br\/wp-content\/uploads\/2013\/02\/Pentateuco-Do-Nada-ao-Povo-Escolhido-Aula-02.ppt\">PENTATEUCO: DO NADA AO POVO ESCOLHIDO \u2013 AULA 02<\/a><\/li><li><a href=\"http:\/\/www.ibsousas.org.br\/wp-content\/uploads\/2013\/03\/Pentateuco-Do-Nada-ao-Povo-Escolhido-Aula-03.ppt\">PENTATEUCO: DO NADA AO POVO ESCOLHIDO \u2013 AULA 03<\/a><\/li><li><a href=\"http:\/\/www.ibsousas.org.br\/wp-content\/uploads\/2013\/03\/Pentateuco-Do-Nada-ao-Povo-Escolhido-Aula-04.ppt\">PENTATEUCO: DO NADA AO POVO ESCOLHIDO \u2013 AULA 04<\/a><\/li><li><a href=\"http:\/\/www.ibsousas.org.br\/wp-content\/uploads\/2010\/03\/Apresentacao-externa-IBS.ppt\">PEQUENOS GRUPOS \u2013 PR WAGNER \u2013 IBCU<\/a><\/li><li><a href=\"http:\/\/www.ibsousas.org.br\/wp-content\/uploads\/2011\/04\/PORQUE-A-RESSURREI\u00c7\u00c3O-DE-CRISTO-FOI-NECESS\u00c1RIA.ppt\">PORQUE A RESSURREI\u00c7\u00c3O DE JESUS FOI NECESS\u00c1RIA?<\/a><\/li><li>PORQUE DEUS CRIOU A HUMANIDADE?<\/li><li><a href=\"http:\/\/www.ibsousas.org.br\/wp-content\/uploads\/2011\/08\/Poss\u00edveis-Respostas-\u00e0-Poss\u00edveis-Quest\u00f5es-Acerca-da-B\u00edblia.ppt\">POSS\u00cdVEIS RESPOSTAS \u00c0 POSS\u00cdVEIS QUEST\u00d5ES ACERCA DA B\u00cdBLIA!<\/a><\/li><li><a href=\"http:\/\/www.ibsousas.org.br\/wp-content\/uploads\/2013\/03\/Prevencao-de-Doencas-Emocionais.ppt\">PREVEN\u00c7\u00c3O DE DOEN\u00c7AS EMOCIONAIS<\/a><\/li><li><a href=\"http:\/\/www.ibsousas.org.br\/wp-content\/uploads\/2011\/04\/PRINC\u00cdPIOS-CONTIDOS-NO-MANDAMENTO-DO-S\u00c1BADO.ppt\">PRINC\u00cdPIOS CONTIDOS NO MANDAMENTO DO S\u00c1BADO<\/a><\/li><li><a href=\"http:\/\/www.ibsousas.org.br\/wp-content\/uploads\/2011\/11\/REFLEX\u00d5ES-SOBRE-A-MORTE.ppt\">REFLEX\u00d5ES SOBRE A MORTE<\/a><\/li><li><a href=\"http:\/\/www.ibsousas.org.br\/wp-content\/uploads\/2010\/07\/EM-TEMPOS-DE-BATALHA-ESPIRITUAL....ppt\">S\u00c9RIE BATALHA ESPIRITUAL \u2013 MENSAGEM 1: EM TEMPOS DE BATALHA ESPIRITUAL\u2026<\/a><\/li><li><a href=\"http:\/\/www.ibsousas.org.br\/wp-content\/uploads\/2010\/07\/UM-CONFRONTO-ENTRE-DOIS-REINOS-S\u00e9rie-Batalha-Espiritual-Mensagem-2.ppt\">S\u00c9RIE BATALHA ESPIRITUAL \u2013 MENSAGEM 2: UM CONFRONTO ENTRE DOIS REINOS!<\/a><\/li><li><a href=\"http:\/\/www.ibsousas.org.br\/wp-content\/uploads\/2010\/07\/UM-CONFRONTO-ENTRE-DOIS-REINOS-S\u00e9rie-Batalha-Espiritual-Mensagem-2.ppt\">S\u00c9RIE BATALHA ESPIRITUAL \u2013 MENSAGEM 3: ORA\u00c7\u00d5ES PARA TEMPOS DE BATALHAS!<\/a><\/li><li><a href=\"http:\/\/www.ibsousas.org.br\/wp-content\/uploads\/2010\/09\/Sobrevivendo-a-uma-agenda-superlotada.ppt\">SOBREVIVENDO A UMA AGENDA LOTADA (RICK WARREN)<\/a><\/li><li>TE\u00cdSMO E AFINS<\/li><li><a href=\"http:\/\/www.ibsousas.org.br\/wp-content\/uploads\/2009\/12\/Um-Resumo-de-2009-na-IBS1.ppt\">UM RESUMO DE 2009 NA IBS<\/a><\/li><li><a href=\"http:\/\/www.ibsousas.org.br\/wp-content\/uploads\/2013\/04\/Testemunhas-de-Jeova-Profa-Rute-Salviano.ppt\">TESTEMUNHAS DE JEOV\u00c1 \u2013 PROFA RUTE SALVIANO<\/a><\/li><li><a href=\"http:\/\/www.ibsousas.org.br\/wp-content\/uploads\/2012\/03\/TRADICIONALISMO-Um-debate-sobre-o-tema....ppt\">TRADICIONALISMO: UM DEBATE SOBRE O TEMA\u2026 <\/a><\/li><li><a href=\"http:\/\/www.ibsousas.org.br\/wp-content\/uploads\/2011\/11\/VIS\u00c3O-PANOR\u00c2MICA-DOS-PROFETAS-DO-ANTIGO-TESTAMENTO.ppt\">VIS\u00c3O PANOR\u00c2MICA DOS PROFETAS DO ANTIGO TESTAMENTO<\/a><\/li><\/ul>\n\n\n\n<p><\/p>\n<div class='sfsi_Sicons' style='width: 100%; display: inline-block; vertical-align: middle; text-align:left'><div style='margin:0px 8px 0px 0px; line-height: 24px'><span>((( Curtiu a ben\u00e7\u00e3o? Ent\u00e3o aben\u00e7oe outros compartilhando ! )))<\/span><\/div><div class='sfsi_socialwpr'><div class='sf_fb' style='text-align:left;vertical-align: middle;width:98px'><div class=\"fb-like\" data-href=\"https:\/\/ibsousas.org.br\/?page_id=63\" data-width=\"180\" data-send=\"false\" data-show-faces=\"false\"  data-action=\"like\" data-share=\"true\"data-layout=\"button\" ><\/div><\/div><\/div><\/div>","protected":false},"excerpt":{"rendered":"<p>O Crist\u00e3o e a Pol\u00edtica &#8211; Estudo O Crist\u00e3o e a Pol\u00edtica &#8211; Video Porque Alguns N\u00e3o Cr\u00eaem em Cristo? Deus em Meio as Minhas Dores &#8211; Aconselhamento B\u00edblico Somos Igreja ou Somos Corpo de Cristo? Sexualidade \u00e0 Luz da B\u00edblia 3 Coisas Sobre Ser Igreja em Romanos 1 A Chave de Deus Para o [&hellip;]<\/p>\n","protected":false},"author":1,"featured_media":0,"parent":0,"menu_order":0,"comment_status":"closed","ping_status":"closed","template":"","meta":[],"_links":{"self":[{"href":"https:\/\/ibsousas.org.br\/index.php?rest_route=\/wp\/v2\/pages\/63"}],"collection":[{"href":"https:\/\/ibsousas.org.br\/index.php?rest_route=\/wp\/v2\/pages"}],"about":[{"href":"https:\/\/ibsousas.org.br\/index.php?rest_route=\/wp\/v2\/types\/page"}],"author":[{"embeddable":true,"href":"https:\/\/ibsousas.org.br\/index.php?rest_route=\/wp\/v2\/users\/1"}],"replies":[{"embeddable":true,"href":"https:\/\/ibsousas.org.br\/index.php?rest_route=%2Fwp%2Fv2%2Fcomments&post=63"}],"version-history":[{"count":38,"href":"https:\/\/ibsousas.org.br\/index.php?rest_route=\/wp\/v2\/pages\/63\/revisions"}],"predecessor-version":[{"id":1272,"href":"https:\/\/ibsousas.org.br\/index.php?rest_route=\/wp\/v2\/pages\/63\/revisions\/1272"}],"wp:attachment":[{"href":"https:\/\/ibsousas.org.br\/index.php?rest_route=%2Fwp%2Fv2%2Fmedia&parent=63"}],"curies":[{"name":"wp","href":"https:\/\/api.w.org\/{rel}","templated":true}]}}