{"id":61,"date":"2019-08-04T21:01:23","date_gmt":"2019-08-05T00:01:23","guid":{"rendered":"http:\/\/ibsousas.org.br\/?page_id=61"},"modified":"2019-11-25T17:40:26","modified_gmt":"2019-11-25T20:40:26","slug":"vida-familiar","status":"publish","type":"page","link":"https:\/\/ibsousas.org.br\/?page_id=61","title":{"rendered":"Vida Familiar"},"content":{"rendered":"\n<ul><li><strong><a href=\"http:\/\/ibsousas.org.br\/wp-content\/uploads\/2019\/11\/AChave.ppt\">A Chave de Deus para o Sucesso Familiar<\/a><\/strong><\/li><li><\/li><li><a href=\"http:\/\/www.ibsousas.org.br\/wp-content\/uploads\/2015\/04\/A-Comunicacao-como-forma-de-promover-a-paz-no-lar.ppt\">A COMUNICA\u00c7\u00c3O COMO FORMA DE PROMOVER A PAZ NO LAR<\/a><\/li><li><a href=\"http:\/\/www.ibsousas.org.br\/wp-content\/uploads\/2013\/03\/A-MATEM\u00c1TICA-ERRADA-DO-AMOR-Encontro-de-Casais.doc\">A MATEM\u00c1TICA ERRADA DO AMOR (ESTUDO PARA CASAIS)<\/a><\/li><li><a href=\"http:\/\/www.ibsousas.org.br\/wp-content\/uploads\/2011\/05\/Aprendendo-com-o-homem-que-disse-eu-e-minha-casa-serviremos-a-Deus.ppt\">APRENDENDO COM O HOMEM QUE DISSE EU E MINHA CASA SERVIREMOS A DEUS<\/a><\/li><li><a href=\"http:\/\/www.ibsousas.org.br\/wp-content\/uploads\/2011\/07\/Aprendendo-Com-o-Pai-Supremo....ppt\">APRENDENDO COM O PAI SUPREMO (SOBRE A RELA\u00c7\u00c3O PAIS E FILHOS)<\/a><\/li><li><a href=\"http:\/\/www.ibsousas.org.br\/wp-content\/uploads\/2011\/05\/A-REEDIFICA\u00c7\u00c3O-DE-UM-LAR.ppt\">A REEDIFICA\u00c7\u00c3O DE UM LAR!<\/a><\/li><li><a href=\"http:\/\/www.ibsousas.org.br\/wp-content\/uploads\/2011\/05\/301.427-Ellis-Mark-Autoridade-do-Pai.ppt\">AUTORIDADE MASCULINA NO LAR \u2013 MARK ELLIS<\/a><\/li><li><a href=\"http:\/\/www.ibsousas.org.br\/wp-content\/uploads\/2010\/11\/At\u00e9-que-a-Morte-os-Separe-\u00e9-Poss\u00edvel....ppt\">AT\u00c9 QUE A MORTE OS SEPARE, \u00c9 POSS\u00cdVEL?<\/a><\/li><li><a href=\"http:\/\/www.ibsousas.org.br\/wp-content\/uploads\/2010\/04\/Coisas-Boas-Que-Est\u00e3o-Destruindo-Sua-Fam\u00edlia.ppt\">COISAS BOAS QUE EST\u00c3O DESTRUINDO SUA FAM\u00cdLIA<\/a><\/li><li><a href=\"http:\/\/www.ibsousas.org.br\/wp-content\/uploads\/2011\/05\/COMO-APLICAR-O-FRUTO-DO-ESP\u00cdRITO-PARA-ABEN\u00c7OAR-MINHA-FAM\u00cdLIA.ppt\">COMO APLICAR O FRUTO DO ESP\u00cdRITO PARA ABEN\u00c7OAR MINHA VIDA FAMILIAR?<\/a><\/li><li><a href=\"http:\/\/www.ibsousas.org.br\/wp-content\/uploads\/2009\/12\/COMO-MELHORAR-MEUS-RELACIONAMENTOS-FAMILIARES.ppt\">COMO MELHORAR MEUS RELACIONAMENTOS FAMILIARES<\/a><\/li><li><a href=\"http:\/\/www.ibsousas.org.br\/wp-content\/uploads\/2011\/05\/Construindo-Hoje-a-Fam\u00edlia-Feliz-de-Amanh\u00e3.ppt\">CONSTRUINDO HOJE A FAM\u00cdLIA FELIZ DE AMANH\u00c3<\/a><\/li><li><a href=\"http:\/\/www.ibsousas.org.br\/wp-content\/uploads\/2011\/05\/Ganhar-Minha-Fam\u00edlia-Para-Cristo-Eu-Quero.ppt\">GANHAR MINHA FAM\u00cdLIA PARA CRISTO \u2013 EU QUERO!<\/a><\/li><li><a href=\"http:\/\/www.ibsousas.org.br\/wp-content\/uploads\/2012\/05\/Educa\u00e7\u00e3o-de-Filhos-Parte-1.ppt\">EDUCA\u00c7\u00c3O DE FILHOS \u2013 PARTE 1<\/a><\/li><li><a href=\"http:\/\/www.ibsousas.org.br\/wp-content\/uploads\/2012\/05\/Educa\u00e7\u00e3o-de-Filhos-Parte-2.ppt\">EDUCA\u00c7\u00c3O DE FILHOS \u2013 PARTE 2<\/a><\/li><li>EDUCANDO OS PAIS PARA ELES EDUCAREM OS FILHOS<\/li><li><a href=\"http:\/\/www.ibsousas.org.br\/wp-content\/uploads\/2014\/05\/Lares-Restaurados.ppt\">LARES RESTAURADOS (em Power Point)<\/a><\/li><li><a href=\"http:\/\/www.ibsousas.org.br\/wp-content\/uploads\/2014\/05\/Lares-Restaurados.doc\">LARES RESTAURADOS (em Word)<\/a><\/li><li><a href=\"http:\/\/www.ibsousas.org.br\/wp-content\/uploads\/2011\/05\/O-QUE-A-B\u00cdBLIA-ENSINA-SOBRE-FILHOS.ppt\">O QUE A B\u00cdBLIA ENSINA SOBRE FILHOS?<\/a><\/li><li><a href=\"http:\/\/www.ibsousas.org.br\/wp-content\/uploads\/2012\/12\/Porque-Satan\u00e1s-tentou-Eva-Um-estudo-sobre-restaura\u00e7\u00e3o-familiar.ppt\">PORQUE SATAN\u00c1S TENTOU EVA? UM ESTUDO SOBRE RESTAURA\u00c7\u00c3O FAMILIAR<\/a><\/li><li><a href=\"http:\/\/www.ibsousas.org.br\/wp-content\/uploads\/2010\/08\/PROTEJA-SEU-CASAMENTO-Pr-Isaltino.pps\">PROTEJA SEU CASAMENTO! PR ISALTINO GOMES COELHO FILHO<\/a><\/li><li><a href=\"http:\/\/www.ibsousas.org.br\/wp-content\/uploads\/2009\/12\/Pq-Usamos-Alian\u00e7a-no-4\u00ba-Dedo.wmv\">V\u00cdDEO DA ILUSTRA\u00c7\u00c3O DA MENSAGEM DE DOMINGO PR RODRIGO \u2013 ALIAN\u00c7A<\/a><\/li><\/ul>\n\n\n\n<p><\/p>\n<div class='sfsi_Sicons' style='width: 100%; display: inline-block; vertical-align: middle; text-align:left'><div style='margin:0px 8px 0px 0px; line-height: 24px'><span>((( Curtiu a ben\u00e7\u00e3o? Ent\u00e3o aben\u00e7oe outros compartilhando ! )))<\/span><\/div><div class='sfsi_socialwpr'><div class='sf_fb' style='text-align:left;vertical-align: middle;width:98px'><div class=\"fb-like\" data-href=\"https:\/\/ibsousas.org.br\/?page_id=61\" data-width=\"180\" data-send=\"false\" data-show-faces=\"false\"  data-action=\"like\" data-share=\"true\"data-layout=\"button\" ><\/div><\/div><\/div><\/div>","protected":false},"excerpt":{"rendered":"<p>A Chave de Deus para o Sucesso Familiar A COMUNICA\u00c7\u00c3O COMO FORMA DE PROMOVER A PAZ NO LAR A MATEM\u00c1TICA ERRADA DO AMOR (ESTUDO PARA CASAIS) APRENDENDO COM O HOMEM QUE DISSE EU E MINHA CASA SERVIREMOS A DEUS APRENDENDO COM O PAI SUPREMO (SOBRE A RELA\u00c7\u00c3O PAIS E FILHOS) A REEDIFICA\u00c7\u00c3O DE UM LAR! [&hellip;]<\/p>\n","protected":false},"author":1,"featured_media":0,"parent":0,"menu_order":0,"comment_status":"closed","ping_status":"closed","template":"","meta":[],"_links":{"self":[{"href":"https:\/\/ibsousas.org.br\/index.php?rest_route=\/wp\/v2\/pages\/61"}],"collection":[{"href":"https:\/\/ibsousas.org.br\/index.php?rest_route=\/wp\/v2\/pages"}],"about":[{"href":"https:\/\/ibsousas.org.br\/index.php?rest_route=\/wp\/v2\/types\/page"}],"author":[{"embeddable":true,"href":"https:\/\/ibsousas.org.br\/index.php?rest_route=\/wp\/v2\/users\/1"}],"replies":[{"embeddable":true,"href":"https:\/\/ibsousas.org.br\/index.php?rest_route=%2Fwp%2Fv2%2Fcomments&post=61"}],"version-history":[{"count":3,"href":"https:\/\/ibsousas.org.br\/index.php?rest_route=\/wp\/v2\/pages\/61\/revisions"}],"predecessor-version":[{"id":1081,"href":"https:\/\/ibsousas.org.br\/index.php?rest_route=\/wp\/v2\/pages\/61\/revisions\/1081"}],"wp:attachment":[{"href":"https:\/\/ibsousas.org.br\/index.php?rest_route=%2Fwp%2Fv2%2Fmedia&parent=61"}],"curies":[{"name":"wp","href":"https:\/\/api.w.org\/{rel}","templated":true}]}}