{"id":573,"date":"2019-09-27T13:06:01","date_gmt":"2019-09-27T16:06:01","guid":{"rendered":"https:\/\/ibsousas.org.br\/?page_id=573"},"modified":"2019-10-19T18:23:16","modified_gmt":"2019-10-19T21:23:16","slug":"contribua-com-o-coracao","status":"publish","type":"page","link":"https:\/\/ibsousas.org.br\/?page_id=573","title":{"rendered":""},"content":{"rendered":"\n<table class=\"wp-block-table\"><tbody><tr>\n\n<figure class=\"wp-block-embed-wordpress alignleft wp-block-embed is-type-wp-embed is-provider-ibs\"><div class=\"wp-block-embed__wrapper\">\n<blockquote class=\"wp-embedded-content\" data-secret=\"H0g4WtRzQ4\"><a href=\"https:\/\/ibsousas.org.br\/?attachment_id=778\"><\/a><\/blockquote><iframe class=\"wp-embedded-content\" sandbox=\"allow-scripts\" security=\"restricted\" style=\"position: absolute; clip: rect(1px, 1px, 1px, 1px);\" title=\"&#8220;&#8221; &#8212; Igreja Batista em Sousas\" src=\"https:\/\/ibsousas.org.br\/?attachment_id=778&#038;embed=true#?secret=H0g4WtRzQ4\" data-secret=\"H0g4WtRzQ4\" width=\"600\" height=\"338\" frameborder=\"0\" marginwidth=\"0\" marginheight=\"0\" scrolling=\"no\"><\/iframe>\n<\/div><\/figure>\n\n\n<em><strong>\u201c\n\n\nAssim brilhe a luz de voc\u00eas diante dos homens, para que vejam as suas boas obras e glorifiquem ao Pai de voc\u00eas, que est\u00e1 nos c\u00e9us.\u201d Mateus 5:16<\/strong><\/em><br><br> A IBS, consoante com sua miss\u00e3o de &#8220;<strong>Ser uma igreja relevante para a Comunidade<\/strong> &#8230;&#8221;, tem atuado n\u00e3o apenas nos aspectos espirituais, mas tamb\u00e9m apoiado \u00e0 comunidade com outras atividades.<br><strong>Uma das atividades<\/strong> \u00e9 o recolhimento de alimentos e produtos n\u00e3o perec\u00edveis que,  hoje doados pelos membros da IBS, s\u00e3o distribu\u00eddos para fam\u00edlias carentes da regi\u00e3o,  mesmo n\u00e3o sendo afiliadas a IBS.<br><strong>Outra atividade<\/strong> \u00e9 o apoio de amparo psicol\u00f3gico e emocional a jovens e adultos em tratamento de depend\u00eancia qu\u00edmica no Projeto Efraim.<br><strong>Tamb\u00e9m realizamos<\/strong> reuni\u00f5es semanais com o grupo da Pol\u00edcia Militar, para ajudar na dif\u00edcil miss\u00e3o de proteger os cidad\u00e3os de Campinas, sem extrapolar os limites legais.<br><strong>Nas escolas<\/strong> come\u00e7amos um projeto de capelania e apresenta\u00e7\u00e3o de pe\u00e7as teatrais para auxiliar jovens e adolescentes que vivem uma vida de muita press\u00e3o psicol\u00f3gica e emocional, \u00e0s vezes, envolvidos em\u00a0 viol\u00eancias, f\u00edsicas ou verbais, at\u00e9 mesmo com pensamentos suicidas.<br><br>Para executar estas atividades necessitamos de recursos como alimentos, produtos n\u00e3o perec\u00edveis, aux\u00edlio combust\u00edvel e at\u00e9 mesmo ajuda financeira para custear o sustento destes projetos.<br><br>Nosso objetivo \u00e9 ter uma sede pr\u00f3pria onde poderemos ter mais autonomia para uso das instala\u00e7\u00f5es nos hor\u00e1rios semanais, diurnos e noturnos, com aulas de refor\u00e7o escolar <strong>para as crian\u00e7as<\/strong>, apresenta\u00e7\u00e3o de palestras e cursos profissionalizantes <strong>para jovens e adultos<\/strong>, gabinete pastoral de aconselhamento <strong>para solteiros e casais<\/strong>, reuni\u00f5es com grupos de <strong>terceira idade<\/strong>.<br><br><br><br><br>Temos contado com ajuda de volunt\u00e1rios e doadores, mas a demanda \u00e9 muito grande e os recursos s\u00e3o bem limitados pois a seara \u00e9 grande e poucos s\u00e3o o trabalhadores (Mateus 9:37), portanto, toda ajuda \u00e9 bem-vinda, seja atrav\u00e9s de um pouco do seu tempo dispon\u00edvel, doa\u00e7\u00f5es de produtos e\/ou at\u00e9 mesmo atrav\u00e9s de ajuda financeira.<br>Gostar\u00edamos muito de sua visita em nossas reuni\u00f5es para saber das nossas atividades e ver como voc\u00ea poderia nos ajudar.<br>Caso queira realizar uma contribui\u00e7\u00e3o financeira, pode realizar um dep\u00f3sito, de qualquer valor em nossa conta banc\u00e1ria. Mas n\u00e3o deixe de nos visitar pra validar nossos objetivos e inten\u00e7\u00f5es e acompanhar em nossas assembl\u00e9ias p\u00fablicas mensais, onde s\u00e3o apresentados os relat\u00f3rios com total transpar\u00eancia das receitas e despesas da igreja e dos nossos projetos.<br><br> E que Deus aben\u00e7oe grandemente os seus esfor\u00e7os de amor ao pr\u00f3ximo !  <\/td><\/tr><\/tbody><\/table>\n\n\n\n<div class=\"alignnormal\"><div id=\"metaslider-id-624\" style=\"max-width: 1000px;\" class=\"ml-slider-3-15-2 metaslider metaslider-flex metaslider-624 ml-slider\">\n    <div id=\"metaslider_container_624\">\n        <div id=\"metaslider_624\" class=\"flexslider\">\n            <ul aria-live=\"polite\" class=\"slides\">\n                <li style=\"display: block; width: 100%;\" class=\"slide-695 ms-image\"><img src=\"https:\/\/ibsousas.org.br\/wp-content\/uploads\/2019\/10\/borrach1-848x509.jpeg\" height=\"600\" width=\"1000\" alt=\"\" class=\"slider-624 slide-695\" title=\"borrach1\" \/><\/li>\n                <li style=\"display: none; width: 100%;\" class=\"slide-696 ms-image\"><img src=\"https:\/\/ibsousas.org.br\/wp-content\/uploads\/2019\/10\/borrach2-983x590.jpeg\" height=\"600\" width=\"1000\" alt=\"\" class=\"slider-624 slide-696\" title=\"borrach2\" \/><\/li>\n                <li style=\"display: none; width: 100%;\" class=\"slide-697 ms-image\"><img src=\"https:\/\/ibsousas.org.br\/wp-content\/uploads\/2019\/10\/borrach3-1000x600.jpeg\" height=\"600\" width=\"1000\" alt=\"\" class=\"slider-624 slide-697\" title=\"borrach3\" \/><\/li>\n                <li style=\"display: none; width: 100%;\" class=\"slide-716 ms-image\"><img src=\"https:\/\/ibsousas.org.br\/wp-content\/uploads\/2019\/10\/PM2-1000x600.jpeg\" height=\"600\" width=\"1000\" alt=\"\" class=\"slider-624 slide-716\" title=\"PM2\" \/><\/li>\n                <li style=\"display: none; width: 100%;\" class=\"slide-717 ms-image\"><img src=\"https:\/\/ibsousas.org.br\/wp-content\/uploads\/2019\/10\/PM1-1000x600.jpeg\" height=\"600\" width=\"1000\" alt=\"\" class=\"slider-624 slide-717\" title=\"PM1\" \/><\/li>\n                <li style=\"display: none; width: 100%;\" class=\"slide-718 ms-image\"><img src=\"https:\/\/ibsousas.org.br\/wp-content\/uploads\/2019\/10\/fotoescola2-607x364.png\" height=\"600\" width=\"1000\" alt=\"\" class=\"slider-624 slide-718\" title=\"fotoescola2\" \/><\/li>\n                <li style=\"display: none; width: 100%;\" class=\"slide-719 ms-image\"><img src=\"https:\/\/ibsousas.org.br\/wp-content\/uploads\/2019\/10\/fotoescola3-541x325.png\" height=\"600\" width=\"1000\" alt=\"\" class=\"slider-624 slide-719\" title=\"fotoescola3\" \/><\/li>\n                <li style=\"display: none; width: 100%;\" class=\"slide-720 ms-image\"><img src=\"https:\/\/ibsousas.org.br\/wp-content\/uploads\/2019\/10\/fotoescola1-541x325.png\" height=\"600\" width=\"1000\" alt=\"\" class=\"slider-624 slide-720\" title=\"fotoescola1\" \/><\/li>\n                <li style=\"display: none; width: 100%;\" class=\"slide-722 ms-image\"><img src=\"https:\/\/ibsousas.org.br\/wp-content\/uploads\/2019\/10\/fotoefraim1-509x305.png\" height=\"600\" width=\"1000\" alt=\"\" class=\"slider-624 slide-722\" title=\"fotoefraim1\" \/><\/li>\n                <li style=\"display: none; width: 100%;\" class=\"slide-764 ms-image\"><img src=\"https:\/\/ibsousas.org.br\/wp-content\/uploads\/2019\/10\/borrach4-760x456.jpeg\" height=\"600\" width=\"1000\" alt=\"\" class=\"slider-624 slide-764\" title=\"borrach4\" \/><\/li>\n            <\/ul>\n        <\/div>\n        \n    <\/div>\n<\/div><\/div>\n\n\n\n<table class=\"wp-block-table aligncenter is-style-stripes\"><tbody><tr><td><img class=\"wp-image-855\" style=\"width: 100px;\" src=\"https:\/\/ibsousas.org.br\/wp-content\/uploads\/2019\/10\/ITAU.jpg\" alt=\"\"><\/td><td><strong>Banco Ita\u00fa ( 341 )&nbsp;&nbsp;&nbsp;&nbsp;&nbsp;Ag\u00eancia: 6393&nbsp;&nbsp;&nbsp;&nbsp;Conta Corrente: 05860-4  &nbsp;&nbsp;&nbsp;&nbsp;&nbsp;&nbsp;&nbsp;&nbsp;&nbsp;&nbsp;&nbsp;&nbsp;&nbsp;&nbsp;&nbsp;&nbsp;<br><br>CNPJ: 09.361.703\/0001-10&nbsp;&nbsp;&nbsp;&nbsp;IGREJA BATISTA EM SOUSAS<\/strong><\/td><\/tr><\/tbody><\/table>\n\n\n\n<p><\/p>\n<div class='sfsi_Sicons' style='width: 100%; display: inline-block; vertical-align: middle; text-align:left'><div style='margin:0px 8px 0px 0px; line-height: 24px'><span>((( Curtiu a ben\u00e7\u00e3o? Ent\u00e3o aben\u00e7oe outros compartilhando ! )))<\/span><\/div><div class='sfsi_socialwpr'><div class='sf_fb' style='text-align:left;vertical-align: middle;width:98px'><div class=\"fb-like\" data-href=\"https:\/\/ibsousas.org.br\/?page_id=573\" data-width=\"180\" data-send=\"false\" data-show-faces=\"false\"  data-action=\"like\" data-share=\"true\"data-layout=\"button\" ><\/div><\/div><\/div><\/div>","protected":false},"excerpt":{"rendered":"<p>\u201c Assim brilhe a luz de voc\u00eas diante dos homens, para que vejam as suas boas obras e glorifiquem ao Pai de voc\u00eas, que est\u00e1 nos c\u00e9us.\u201d Mateus 5:16 A IBS, consoante com sua miss\u00e3o de &#8220;Ser uma igreja relevante para a Comunidade &#8230;&#8221;, tem atuado n\u00e3o apenas nos aspectos espirituais, mas tamb\u00e9m apoiado \u00e0 [&hellip;]<\/p>\n","protected":false},"author":1,"featured_media":0,"parent":0,"menu_order":0,"comment_status":"closed","ping_status":"closed","template":"","meta":[],"_links":{"self":[{"href":"https:\/\/ibsousas.org.br\/index.php?rest_route=\/wp\/v2\/pages\/573"}],"collection":[{"href":"https:\/\/ibsousas.org.br\/index.php?rest_route=\/wp\/v2\/pages"}],"about":[{"href":"https:\/\/ibsousas.org.br\/index.php?rest_route=\/wp\/v2\/types\/page"}],"author":[{"embeddable":true,"href":"https:\/\/ibsousas.org.br\/index.php?rest_route=\/wp\/v2\/users\/1"}],"replies":[{"embeddable":true,"href":"https:\/\/ibsousas.org.br\/index.php?rest_route=%2Fwp%2Fv2%2Fcomments&post=573"}],"version-history":[{"count":93,"href":"https:\/\/ibsousas.org.br\/index.php?rest_route=\/wp\/v2\/pages\/573\/revisions"}],"predecessor-version":[{"id":1112,"href":"https:\/\/ibsousas.org.br\/index.php?rest_route=\/wp\/v2\/pages\/573\/revisions\/1112"}],"wp:attachment":[{"href":"https:\/\/ibsousas.org.br\/index.php?rest_route=%2Fwp%2Fv2%2Fmedia&parent=573"}],"curies":[{"name":"wp","href":"https:\/\/api.w.org\/{rel}","templated":true}]}}