{"id":57,"date":"2019-08-04T21:00:47","date_gmt":"2019-08-05T00:00:47","guid":{"rendered":"http:\/\/ibsousas.org.br\/?page_id=57"},"modified":"2019-11-25T17:38:36","modified_gmt":"2019-11-25T20:38:36","slug":"relacionamento","status":"publish","type":"page","link":"https:\/\/ibsousas.org.br\/?page_id=57","title":{"rendered":"Relacionamento"},"content":{"rendered":"\n<ul><li><strong><a href=\"http:\/\/ibsousas.org.br\/wp-content\/uploads\/2019\/11\/OAspecto.ppt\">O Aspecto Horizontal da Ceia do Senhor<\/a><\/strong><\/li><li><\/li><li><a href=\"http:\/\/www.ibsousas.org.br\/wp-content\/uploads\/2011\/09\/A-LINGUAGEM-DO-P-PARA-RELACIONAMENTOS.ppt\">A LINGUAGEM DO \u201cP\u201d PARA RELACIONAMENTOS!<\/a><\/li><li><a href=\"http:\/\/www.ibsousas.org.br\/wp-content\/uploads\/2011\/06\/A-IMPORT\u00c2NCIA-DE-SE-IMPORTAR.ppt\">A IMPORT\u00c2NCIA DE SE IMPORTAR! (D\u00c9BORA E BARAQUE)<\/a><\/li><li><a href=\"http:\/\/www.ibsousas.org.br\/wp-content\/uploads\/2009\/12\/A-VIDA-CRIST\u00c3-SE-DESENVOLVE-NA-COMUNH\u00c3O-COM-OS-OUTROS.ppt\">A VIDA CRIST\u00c3 SE DESENVOLVE NA COMUNH\u00c3O COM OS OUTROS<\/a><\/li><li><a href=\"http:\/\/www.ibsousas.org.br\/wp-content\/uploads\/2011\/02\/A-INVEN\u00c7\u00c3O-DA-RODA.ppt\">A INVEN\u00c7\u00c3O DA RODA<\/a><\/li><li><a href=\"http:\/\/www.ibsousas.org.br\/wp-content\/uploads\/2011\/11\/CUIDANDO-UNS-DOS-OUTROS.ppt\">CUIDANDO UNS DOS OUTROS\u2026<\/a><\/li><li><a href=\"http:\/\/www.ibsousas.org.br\/wp-content\/uploads\/2010\/02\/Estudo-Sobre-Consolida\u00e7\u00e3o-Tiago-Menezes.doc\">ESTUDO SOBRE CONSOLIDA\u00c7\u00c3O \u2013 TIAGO MENEZES<\/a><\/li><li><a href=\"http:\/\/www.ibsousas.org.br\/wp-content\/uploads\/2011\/11\/\u00c9-UMA-B\u00caN\u00c7\u00c3O-N\u00c3O-SER-JUIZ.ppt\">\u00c9 UMA B\u00caN\u00c7\u00c3O N\u00c3O SER JUIZ!<\/a><\/li><li><a href=\"http:\/\/www.ibsousas.org.br\/wp-content\/uploads\/2011\/09\/EU-QUERO-SER-UMA-PESSOA-MELHOR.ppt\">EU QUERO SER UMA PESSOA MELHOR!<\/a><\/li><li><a href=\"http:\/\/www.ibsousas.org.br\/wp-content\/uploads\/2014\/12\/Gente-Que-Se-Importa-Com-Gente.ppt\">GENTE QUE SE IMPORTA COM GENTE!<\/a><\/li><li><a href=\"http:\/\/www.ibsousas.org.br\/wp-content\/uploads\/2011\/04\/HOMENS-DE-DEUS-OU-HOMENS-DE-BELIAL-PR-CHARLES.doc\">HOMENS DE DEUS OU HOMENS DE BELIAL? \u2013 PROV\u00c9RBIOS 6: 16-19 \u2013 PR CHARLES ESPEDITO<\/a><\/li><li><a href=\"http:\/\/www.ibsousas.org.br\/wp-content\/uploads\/2010\/05\/Igreja-Ideal.avi\">IGREJA IDEAL (V\u00cdDEO)<\/a><\/li><li><a href=\"http:\/\/www.ibsousas.org.br\/wp-content\/uploads\/2011\/06\/JUNTOS.ppt\">JUNTOS (SOBRE COMUNH\u00c3O)<\/a><\/li><li><a href=\"http:\/\/www.ibsousas.org.br\/wp-content\/uploads\/2014\/10\/Misericordia-Para-Mim-e-Para-Voce.ppt\">MISERIC\u00d3RDIA PARA MIM E PARA VOC\u00ca<\/a><\/li><li><a href=\"http:\/\/www.ibsousas.org.br\/wp-content\/uploads\/2010\/10\/O-Revolucion\u00e1rio-Processo-da-Vis\u00e3o-que-Pode-Mudar-Sua-Vida.ppt\">O REVOLUCION\u00c1RIO PROCESSO DA VIS\u00c3O QUE PODE MUDAR SUA VIDA!<\/a><\/li><li><a href=\"http:\/\/www.ibsousas.org.br\/wp-content\/uploads\/2010\/04\/Plantando-suas-raizes-na-igreja-local-Luis-Palau.doc\">PLANTANDO SUAS RA\u00cdZES NA IGREJA LOCAL (LUIS PALAU)<\/a><\/li><li><a href=\"http:\/\/www.ibsousas.org.br\/wp-content\/uploads\/2010\/05\/PLANTANDO-SUAS-RA\u00cdZES-PROFUNDAMENTE-NA-IGREJA-LOCAL.ppt\">PLANTANDO SUAS RA\u00cdZES NA IGREJA LOCAL (LUIS PALAU) \u2013 POWERPOINT<\/a><\/li><li><a href=\"http:\/\/www.ibsousas.org.br\/wp-content\/uploads\/2010\/11\/Princ\u00edpios-Para-Relacionamentos-Saud\u00e1veis-Atos-15.ppt\">PRINC\u00cdPIOS PARA RELACIONAMENTOS SAUD\u00c1VEIS (ATOS 15)<\/a><\/li><li><a href=\"http:\/\/www.ibsousas.org.br\/wp-content\/uploads\/2013\/06\/Receita-de-Comunhao.ppt\">RECEITA DE COMUNH\u00c3O<\/a><\/li><li><a href=\"http:\/\/www.ibsousas.org.br\/wp-content\/uploads\/2011\/09\/UM-APRENDIZADO-QUE-EU-TIVE-DO-11-DE-SETEMBRO.ppt\">UM APRENDIZADO QUE EU TIVE DO 11 DE SETEMBRO<\/a><\/li><\/ul>\n<div class='sfsi_Sicons' style='width: 100%; display: inline-block; vertical-align: middle; text-align:left'><div style='margin:0px 8px 0px 0px; line-height: 24px'><span>((( Curtiu a ben\u00e7\u00e3o? Ent\u00e3o aben\u00e7oe outros compartilhando ! )))<\/span><\/div><div class='sfsi_socialwpr'><div class='sf_fb' style='text-align:left;vertical-align: middle;width:98px'><div class=\"fb-like\" data-href=\"https:\/\/ibsousas.org.br\/?page_id=57\" data-width=\"180\" data-send=\"false\" data-show-faces=\"false\"  data-action=\"like\" data-share=\"true\"data-layout=\"button\" ><\/div><\/div><\/div><\/div>","protected":false},"excerpt":{"rendered":"<p>O Aspecto Horizontal da Ceia do Senhor A LINGUAGEM DO \u201cP\u201d PARA RELACIONAMENTOS! A IMPORT\u00c2NCIA DE SE IMPORTAR! (D\u00c9BORA E BARAQUE) A VIDA CRIST\u00c3 SE DESENVOLVE NA COMUNH\u00c3O COM OS OUTROS A INVEN\u00c7\u00c3O DA RODA CUIDANDO UNS DOS OUTROS\u2026 ESTUDO SOBRE CONSOLIDA\u00c7\u00c3O \u2013 TIAGO MENEZES \u00c9 UMA B\u00caN\u00c7\u00c3O N\u00c3O SER JUIZ! EU QUERO SER UMA [&hellip;]<\/p>\n","protected":false},"author":1,"featured_media":0,"parent":0,"menu_order":0,"comment_status":"closed","ping_status":"closed","template":"","meta":[],"_links":{"self":[{"href":"https:\/\/ibsousas.org.br\/index.php?rest_route=\/wp\/v2\/pages\/57"}],"collection":[{"href":"https:\/\/ibsousas.org.br\/index.php?rest_route=\/wp\/v2\/pages"}],"about":[{"href":"https:\/\/ibsousas.org.br\/index.php?rest_route=\/wp\/v2\/types\/page"}],"author":[{"embeddable":true,"href":"https:\/\/ibsousas.org.br\/index.php?rest_route=\/wp\/v2\/users\/1"}],"replies":[{"embeddable":true,"href":"https:\/\/ibsousas.org.br\/index.php?rest_route=%2Fwp%2Fv2%2Fcomments&post=57"}],"version-history":[{"count":3,"href":"https:\/\/ibsousas.org.br\/index.php?rest_route=\/wp\/v2\/pages\/57\/revisions"}],"predecessor-version":[{"id":1079,"href":"https:\/\/ibsousas.org.br\/index.php?rest_route=\/wp\/v2\/pages\/57\/revisions\/1079"}],"wp:attachment":[{"href":"https:\/\/ibsousas.org.br\/index.php?rest_route=%2Fwp%2Fv2%2Fmedia&parent=57"}],"curies":[{"name":"wp","href":"https:\/\/api.w.org\/{rel}","templated":true}]}}