{"id":55,"date":"2019-08-04T21:00:29","date_gmt":"2019-08-05T00:00:29","guid":{"rendered":"http:\/\/ibsousas.org.br\/?page_id=55"},"modified":"2019-08-09T10:15:42","modified_gmt":"2019-08-09T13:15:42","slug":"datas-especiais","status":"publish","type":"page","link":"https:\/\/ibsousas.org.br\/?page_id=55","title":{"rendered":"Datas Especiais"},"content":{"rendered":"\n<ul><li><a href=\"http:\/\/www.ibsousas.org.br\/wp-content\/uploads\/2015\/05\/2015-Ano-de-Cuidarmos-um-do-Outro.ppt\">TEMA DO ANO: 2015 \u2013 ANO DE CUIDARMOS UM DO OUTRO<\/a><\/li><li><a href=\"http:\/\/www.ibsousas.org.br\/wp-content\/uploads\/2015\/05\/Tema-de-2015-Retrospectiva.ppt\">TEMA DO ANO: 2015 \u2013 RETROSPECTIVA 2010 A 14<\/a><\/li><li><a href=\"http:\/\/www.ibsousas.org.br\/wp-content\/uploads\/2014\/032014-Ano-de-Mostrar-o-Caminho-MSG-01.ppt\">TEMA DO ANO: 2014 \u2013 ANO DE MOSTRAR O CAMINHO<\/a><\/li><li><a href=\"http:\/\/www.ibsousas.org.br\/wp-content\/uploads\/2013\/04\/2013-Ano-de-Amar-ao-Pr\u00f3ximo.ppt\">TEMA DO ANO: 2013 \u2013 ANO DE AMAR AO PR\u00d3XIMO COMO A MIM MESMO<\/a><\/li><li><a href=\"http:\/\/www.ibsousas.org.br\/wp-content\/uploads\/2012\/02\/2012-Ano-de-Amar-a-Deus-Para-Site.ppt\">TEMA DO ANO: 2012 \u2013 ANO DE AMAR A DEUS SOBRE TODAS AS COISAS<\/a><\/li><li><a href=\"http:\/\/www.ibsousas.org.br\/wp-content\/uploads\/2010\/12\/2011-Ano-da-Simplicidade.ppt\">TEMA DO ANO: 2011 \u2013 O ANO DA SIMPLICIDADE<\/a><\/li><li><a href=\"http:\/\/www.ibsousas.org.br\/wp-content\/uploads\/2010\/12\/As-Rea\u00e7\u00f5es-ao-Nascimento-de-Jesus.ppt\">AS REA\u00c7\u00d5ES AO NASCIMENTO DE JESUS \u2013 MENSAGEM DE NATAL<\/a><\/li><li><a href=\"http:\/\/www.ibsousas.org.br\/wp-content\/uploads\/2012\/04\/A-Responsabilidade-do-T\u00famulo-Vazio-P\u00e1scoa.ppt\">A RESPONSABILIDADE DO T\u00daMULO VAZIO (P\u00c1SCOA)<\/a><\/li><li><a href=\"http:\/\/www.ibsousas.org.br\/wp-content\/uploads\/2013\/03\/A-Segunda-Pascoa-Numeros-9-1-14.ppt\">A SEGUNDA P\u00c1SCOA<\/a><\/li><li><a href=\"http:\/\/www.ibsousas.org.br\/wp-content\/uploads\/2010\/07\/Casamento-no-Grego-e-Hebraico.doc\">CASAMENTO \u2013 GREGO E HEBRAICO<\/a><\/li><li><a href=\"http:\/\/www.ibsousas.org.br\/wp-content\/uploads\/2012\/09\/Csamento-Contrato-ou-Pacto.ppt\">CASAMENTO: CONTRATO OU PACTO?<\/a><\/li><li><a href=\"http:\/\/www.ibsousas.org.br\/wp-content\/uploads\/2009\/12\/CELEBRANDO-O-NATAL-\u00c9-TEMPO-DE-RELEMBRAR...-20091.ppt\">CELEBRANDO O NATAL \u2013 \u00c9 TEMPO DE RELEMBRAR\u2026<\/a><\/li><li><a href=\"http:\/\/www.ibsousas.org.br\/wp-content\/uploads\/2010\/01\/Mensagem-de-Natal-Como-\u00e9-Sua-Rela\u00e7\u00e3o-com-Jesus-23-12-07.mp3\">COMO \u00c9 SUA RELA\u00c7\u00c3O COM JESUS? \u2013 NATAL (\u00c1UDIO)<\/a><\/li><li><a href=\"http:\/\/www.ibsousas.org.br\/wp-content\/uploads\/2009\/12\/COMO-VOC\u00ca-TEM-TRATADO-O-ANIVERSARIANTE-msg-de-Natal-2007.doc\">COMO VOC\u00ca TEM TRATADO O ANIVERSARIANTE? msg de Natal<\/a><\/li><li><a href=\"http:\/\/www.ibsousas.org.br\/wp-content\/uploads\/2009\/12\/Como-Vc-Tem-Tratado-o-Aniversariante-Natal.ppt\">COMO VOC\u00ca TEM TRATADO O ANIVERSARIANTE? msg de Natal em PowerPoint<\/a><\/li><li><a href=\"http:\/\/www.ibsousas.org.br\/wp-content\/uploads\/2010\/04\/Cristo-e-a-Nossa-Pascoa-Sem-Paulo-Berbeth.doc\">CRISTO \u00c9 A NOSSA P\u00c1SCOA \u2013 SEM. PAULO BERBETH<\/a><\/li><li><a href=\"http:\/\/www.ibsousas.org.br\/wp-content\/uploads\/2010\/06\/Dia-do-Pastor-Pr-Marc\u00edlio.mp3\">DIA DO PASTOR \u2013 PR. MARC\u00cdLIO TEIXEIRA (\u00c1UDIO)<\/a><\/li><li><a href=\"http:\/\/www.ibsousas.org.br\/wp-content\/uploads\/2014\/12\/Escolhendo-Para-Onde-Olhar.ppt\">ESCOLHENDO PARA ONDE OLHAR \u2013 MENSAGEM DE ANO NOVO DE 2015<\/a><\/li><li><a href=\"http:\/\/www.ibsousas.org.br\/wp-content\/uploads\/2012\/08\/Hist\u00f3rias-de-Pais-e-Filhos.ppt\">HIST\u00d3RIAS DE PAIS &amp; FILHOS (DIA DOS PAIS)<\/a><\/li><li><a href=\"http:\/\/www.ibsousas.org.br\/wp-content\/uploads\/2012\/12\/Jesus-Emanuel-Deus-Conosco.ppt\">JESUS, EMANUEL \u2013 DEUS CONOSCO! (NATAL)<\/a><\/li><li><a href=\"http:\/\/www.ibsousas.org.br\/wp-content\/uploads\/2015\/04\/Jonas-e-a-Pascoa.ppt\">JONAS E A P\u00c1SCOA<\/a><\/li><li><a href=\"http:\/\/www.ibsousas.org.br\/wp-content\/uploads\/2014\/12\/Natal-O-Deus-Que-Transforma.ppt\">NATAL: O DEUS QUE TRANSFORMA!<\/a><\/li><li><a href=\"http:\/\/www.ibsousas.org.br\/wp-content\/uploads\/2010\/09\/A-MISS\u00c3O-DA-IGREJA.ppt\">3\u00ba ANIVERS\u00c1RIO DA IBS 19\/09\/2010 \u2013 MENSAGEM \u201cA MISS\u00c3O DA IGREJA\u201d<\/a><\/li><li><a href=\"http:\/\/www.ibsousas.org.br\/wp-content\/uploads\/2010\/12\/O-Batismo-do-Eunuco.ppt\">O BATISMO DO EUNUCO (SOBRE BATISMOS)<\/a><\/li><li><a href=\"http:\/\/www.ibsousas.org.br\/wp-content\/uploads\/2010\/11\/Video-da-Reforma-Protestante.avi\">REFORMA PROTESTANTE \u2013 31 DE OUTUBRO (V\u00cdDEO)<\/a><\/li><li><a href=\"http:\/\/www.ibsousas.org.br\/wp-content\/uploads\/2012\/12\/Um-Olhar-Sobre-o-Tempo.ppt\">UM OLHAR SOBRE O TEMPO\u2026 (ANO NOVO)<\/a><\/li><\/ul>\n<div class='sfsi_Sicons' style='width: 100%; display: inline-block; vertical-align: middle; text-align:left'><div style='margin:0px 8px 0px 0px; line-height: 24px'><span>((( Curtiu a ben\u00e7\u00e3o? Ent\u00e3o aben\u00e7oe outros compartilhando ! )))<\/span><\/div><div class='sfsi_socialwpr'><div class='sf_fb' style='text-align:left;vertical-align: middle;width:98px'><div class=\"fb-like\" data-href=\"https:\/\/ibsousas.org.br\/?page_id=55\" data-width=\"180\" data-send=\"false\" data-show-faces=\"false\"  data-action=\"like\" data-share=\"true\"data-layout=\"button\" ><\/div><\/div><\/div><\/div>","protected":false},"excerpt":{"rendered":"<p>TEMA DO ANO: 2015 \u2013 ANO DE CUIDARMOS UM DO OUTRO TEMA DO ANO: 2015 \u2013 RETROSPECTIVA 2010 A 14 TEMA DO ANO: 2014 \u2013 ANO DE MOSTRAR O CAMINHO TEMA DO ANO: 2013 \u2013 ANO DE AMAR AO PR\u00d3XIMO COMO A MIM MESMO TEMA DO ANO: 2012 \u2013 ANO DE AMAR A DEUS SOBRE [&hellip;]<\/p>\n","protected":false},"author":1,"featured_media":0,"parent":0,"menu_order":0,"comment_status":"closed","ping_status":"closed","template":"","meta":[],"_links":{"self":[{"href":"https:\/\/ibsousas.org.br\/index.php?rest_route=\/wp\/v2\/pages\/55"}],"collection":[{"href":"https:\/\/ibsousas.org.br\/index.php?rest_route=\/wp\/v2\/pages"}],"about":[{"href":"https:\/\/ibsousas.org.br\/index.php?rest_route=\/wp\/v2\/types\/page"}],"author":[{"embeddable":true,"href":"https:\/\/ibsousas.org.br\/index.php?rest_route=\/wp\/v2\/users\/1"}],"replies":[{"embeddable":true,"href":"https:\/\/ibsousas.org.br\/index.php?rest_route=%2Fwp%2Fv2%2Fcomments&post=55"}],"version-history":[{"count":6,"href":"https:\/\/ibsousas.org.br\/index.php?rest_route=\/wp\/v2\/pages\/55\/revisions"}],"predecessor-version":[{"id":105,"href":"https:\/\/ibsousas.org.br\/index.php?rest_route=\/wp\/v2\/pages\/55\/revisions\/105"}],"wp:attachment":[{"href":"https:\/\/ibsousas.org.br\/index.php?rest_route=%2Fwp%2Fv2%2Fmedia&parent=55"}],"curies":[{"name":"wp","href":"https:\/\/api.w.org\/{rel}","templated":true}]}}