{"id":53,"date":"2019-08-04T21:00:08","date_gmt":"2019-08-05T00:00:08","guid":{"rendered":"http:\/\/ibsousas.org.br\/?page_id=53"},"modified":"2019-08-09T09:37:46","modified_gmt":"2019-08-09T12:37:46","slug":"apocalipse","status":"publish","type":"page","link":"https:\/\/ibsousas.org.br\/?page_id=53","title":{"rendered":"Apocalipse"},"content":{"rendered":"\n<ul><li>APOCALIPSE \u2013 MATERIAIS<\/li><li><a href=\"http:\/\/www.ibsousas.org.br\/wp-content\/uploads\/2011\/05\/Apocalipse-Introdu\u00e7\u00e3o-010511.pptx\">APOCALIPSE \u2013 INTRODU\u00c7\u00c3O AULA 01 \u2013 PR JO\u00c3O BRAGION<\/a><\/li><li><a href=\"http:\/\/www.ibsousas.org.br\/wp-content\/uploads\/2010\/01\/Como-Jesus-Se-Apresenta-a-N\u00f3s-Estudo-nas-Igrejas-de-Apocalipse-2-e-3.doc\">COMO JESUS SE APRESENTA A N\u00d3S \u2013 S\u00c9RIE EM APOCALIPSE 2-3<\/a><\/li><li><a href=\"http:\/\/www.ibsousas.org.br\/wp-content\/uploads\/2011\/06\/ENTENDENDO-APOCALIPSE-POR-ALGUMAS-DE-SUAS-FIGURAS.doc\">ENTENDENDO APOCALIPSE POR ALGUMAS DE SUAS FIGURAS<\/a><\/li><li><a href=\"http:\/\/www.ibsousas.org.br\/wp-content\/uploads\/2010\/02\/Estudo-de-Apocalipse-Pr.-Marcelo-Moura.doc\">MATERIAL DE APOCALIPSE \u2013 PR MARCELO MOURA<\/a><\/li><li><a href=\"http:\/\/www.ibsousas.org.br\/wp-content\/uploads\/2010\/01\/MENSAGEM-N\u00ba-7-das-Igrejas-de-Apocalipse.ppt\">MENSAGEM N\u00ba 7 DAS IGREJAS DE APOCALIPSE<\/a><\/li><li><a href=\"http:\/\/www.ibsousas.org.br\/wp-content\/uploads\/2011\/05\/O-Que-Esperamos-no-Futuro-Marcos-13-Pr.-Jim.ppt\">O QUE ESPERAMOS NO FUTURO? MARCOS 13 \u2013 PR. JIM<\/a><\/li><li><a href=\"http:\/\/www.ibsousas.org.br\/wp-content\/uploads\/2011\/05\/O-Que-Esperamos-no-Futuro-Parte-II-Pr.-Jim.ppt\">O QUE ESPERAMOS NO FUTURO? PARTE II \u2013 PR. JIM<\/a><\/li><li><a href=\"http:\/\/www.ibsousas.org.br\/wp-content\/uploads\/2011\/06\/OS-N\u00daMEROS-EM-APOCALIPSE.doc\">OS N\u00daMEROS EM APOCALIPSE<\/a><\/li><li>RELEMBRANDO OS ESTUDOS DE APOCALIPSE 2-3<\/li><li>UMA VIS\u00c3O DE APOCALIPSE \u2013 APOSTILA<\/li><\/ul>\n<div class='sfsi_Sicons' style='width: 100%; display: inline-block; vertical-align: middle; text-align:left'><div style='margin:0px 8px 0px 0px; line-height: 24px'><span>((( Curtiu a ben\u00e7\u00e3o? Ent\u00e3o aben\u00e7oe outros compartilhando ! )))<\/span><\/div><div class='sfsi_socialwpr'><div class='sf_fb' style='text-align:left;vertical-align: middle;width:98px'><div class=\"fb-like\" data-href=\"https:\/\/ibsousas.org.br\/?page_id=53\" data-width=\"180\" data-send=\"false\" data-show-faces=\"false\"  data-action=\"like\" data-share=\"true\"data-layout=\"button\" ><\/div><\/div><\/div><\/div>","protected":false},"excerpt":{"rendered":"<p>APOCALIPSE \u2013 MATERIAIS APOCALIPSE \u2013 INTRODU\u00c7\u00c3O AULA 01 \u2013 PR JO\u00c3O BRAGION COMO JESUS SE APRESENTA A N\u00d3S \u2013 S\u00c9RIE EM APOCALIPSE 2-3 ENTENDENDO APOCALIPSE POR ALGUMAS DE SUAS FIGURAS MATERIAL DE APOCALIPSE \u2013 PR MARCELO MOURA MENSAGEM N\u00ba 7 DAS IGREJAS DE APOCALIPSE O QUE ESPERAMOS NO FUTURO? MARCOS 13 \u2013 PR. JIM O [&hellip;]<\/p>\n","protected":false},"author":1,"featured_media":0,"parent":0,"menu_order":0,"comment_status":"closed","ping_status":"closed","template":"","meta":[],"_links":{"self":[{"href":"https:\/\/ibsousas.org.br\/index.php?rest_route=\/wp\/v2\/pages\/53"}],"collection":[{"href":"https:\/\/ibsousas.org.br\/index.php?rest_route=\/wp\/v2\/pages"}],"about":[{"href":"https:\/\/ibsousas.org.br\/index.php?rest_route=\/wp\/v2\/types\/page"}],"author":[{"embeddable":true,"href":"https:\/\/ibsousas.org.br\/index.php?rest_route=\/wp\/v2\/users\/1"}],"replies":[{"embeddable":true,"href":"https:\/\/ibsousas.org.br\/index.php?rest_route=%2Fwp%2Fv2%2Fcomments&post=53"}],"version-history":[{"count":4,"href":"https:\/\/ibsousas.org.br\/index.php?rest_route=\/wp\/v2\/pages\/53\/revisions"}],"predecessor-version":[{"id":100,"href":"https:\/\/ibsousas.org.br\/index.php?rest_route=\/wp\/v2\/pages\/53\/revisions\/100"}],"wp:attachment":[{"href":"https:\/\/ibsousas.org.br\/index.php?rest_route=%2Fwp%2Fv2%2Fmedia&parent=53"}],"curies":[{"name":"wp","href":"https:\/\/api.w.org\/{rel}","templated":true}]}}