{"id":48,"date":"2019-08-04T20:47:23","date_gmt":"2019-08-04T23:47:23","guid":{"rendered":"http:\/\/ibsousas.org.br\/?page_id=48"},"modified":"2022-09-21T13:10:33","modified_gmt":"2022-09-21T16:10:33","slug":"mensagens","status":"publish","type":"page","link":"https:\/\/ibsousas.org.br\/?page_id=48","title":{"rendered":"Mensagens"},"content":{"rendered":"\n<ul><li><a href=\"http:\/\/ibsousas.org.br\/?page_id=44\">Mensagens textuais<\/a><\/li><li><a href=\"http:\/\/ibsousas.org.br\/?page_id=53\">Mensagens sobre Apocalipse<\/a><\/li><li><a href=\"http:\/\/ibsousas.org.br\/?page_id=55\">Mensagens sobre datas especiais<\/a><\/li><li><a href=\"http:\/\/ibsousas.org.br\/?page_id=57\">Mensagens sobre relacionamento<\/a><\/li><li><a href=\"http:\/\/ibsousas.org.br\/?page_id=61\">Mensagens sobre vida familiar<\/a><\/li><li><a href=\"http:\/\/ibsousas.org.br\/?page_id=63\">Mensagens sobre outros temas<\/a><\/li><li><a href=\"http:\/\/ibsousas.org.br\/?cat=6\">Pastorais<\/a><\/li><\/ul>\n<div class='sfsi_Sicons' style='width: 100%; display: inline-block; vertical-align: middle; text-align:left'><div style='margin:0px 8px 0px 0px; line-height: 24px'><span>((( Curtiu a ben\u00e7\u00e3o? Ent\u00e3o aben\u00e7oe outros compartilhando ! )))<\/span><\/div><div class='sfsi_socialwpr'><div class='sf_fb' style='text-align:left;vertical-align: middle;width:98px'><div class=\"fb-like\" data-href=\"https:\/\/ibsousas.org.br\/?page_id=48\" data-width=\"180\" data-send=\"false\" data-show-faces=\"false\"  data-action=\"like\" data-share=\"true\"data-layout=\"button\" ><\/div><\/div><\/div><\/div>","protected":false},"excerpt":{"rendered":"<p>Mensagens textuais Mensagens sobre Apocalipse Mensagens sobre datas especiais Mensagens sobre relacionamento Mensagens sobre vida familiar Mensagens sobre outros temas Pastorais ((( Curtiu a ben\u00e7\u00e3o? Ent\u00e3o aben\u00e7oe outros compartilhando ! )))<\/p>\n","protected":false},"author":1,"featured_media":0,"parent":0,"menu_order":0,"comment_status":"closed","ping_status":"closed","template":"","meta":[],"_links":{"self":[{"href":"https:\/\/ibsousas.org.br\/index.php?rest_route=\/wp\/v2\/pages\/48"}],"collection":[{"href":"https:\/\/ibsousas.org.br\/index.php?rest_route=\/wp\/v2\/pages"}],"about":[{"href":"https:\/\/ibsousas.org.br\/index.php?rest_route=\/wp\/v2\/types\/page"}],"author":[{"embeddable":true,"href":"https:\/\/ibsousas.org.br\/index.php?rest_route=\/wp\/v2\/users\/1"}],"replies":[{"embeddable":true,"href":"https:\/\/ibsousas.org.br\/index.php?rest_route=%2Fwp%2Fv2%2Fcomments&post=48"}],"version-history":[{"count":2,"href":"https:\/\/ibsousas.org.br\/index.php?rest_route=\/wp\/v2\/pages\/48\/revisions"}],"predecessor-version":[{"id":321,"href":"https:\/\/ibsousas.org.br\/index.php?rest_route=\/wp\/v2\/pages\/48\/revisions\/321"}],"wp:attachment":[{"href":"https:\/\/ibsousas.org.br\/index.php?rest_route=%2Fwp%2Fv2%2Fmedia&parent=48"}],"curies":[{"name":"wp","href":"https:\/\/api.w.org\/{rel}","templated":true}]}}