{"id":447,"date":"2019-08-14T11:09:22","date_gmt":"2019-08-14T14:09:22","guid":{"rendered":"https:\/\/ibsousas.org.br\/?page_id=447"},"modified":"2019-11-01T15:52:23","modified_gmt":"2019-11-01T18:52:23","slug":"ministerios","status":"publish","type":"page","link":"https:\/\/ibsousas.org.br\/?page_id=447","title":{"rendered":"Minist\u00e9rios"},"content":{"rendered":"\n<p><a href=\"http:\/\/ibsousas.org.br\/wp-content\/uploads\/2019\/08\/IBS_Missao_Valores_Visao_Ministerios.pdf\">Veja aqui o texto completo sobre<\/a><a href=\"http:\/\/ibsousas.org.br\/wp-content\/uploads\/2019\/08\/IBS_Missao_Valores_Visao_Ministerios.pd\"> <\/a><a href=\"http:\/\/ibsousas.org.br\/wp-content\/uploads\/2019\/08\/IBS_Missao_Valores_Visao_Ministerios.p\">a Miss\u00e3o, Valores, Vis\u00e3o e os Minist\u00e9rios da Igreja Batista em Sousas. (PDF)<\/a><\/p>\n\n\n\n<p>Este Material foi produzido no 1\u00ba Semestre de 2019 e portanto em muitas informa\u00e7\u00f5es ele condiz com a realidade atual da Igreja, sem d\u00favida o passar dos dias far\u00e1 com que uma revis\u00e3o e atualiza\u00e7\u00e3o sejam feitas, agregando novas coisas, sem que contanto percamos a ess\u00eancia, os valores e o direcionamento ministerial que cremos v\u00eam do Senhor a n\u00f3s.<br>Este material tem o objetivo de dar um m\u00ednimo conhecimento e direcionamento acerca do que \u00e9 e como funciona a IBS.<\/p>\n<div class='sfsi_Sicons' style='width: 100%; display: inline-block; vertical-align: middle; text-align:left'><div style='margin:0px 8px 0px 0px; line-height: 24px'><span>((( Curtiu a ben\u00e7\u00e3o? Ent\u00e3o aben\u00e7oe outros compartilhando ! )))<\/span><\/div><div class='sfsi_socialwpr'><div class='sf_fb' style='text-align:left;vertical-align: middle;width:98px'><div class=\"fb-like\" data-href=\"https:\/\/ibsousas.org.br\/?page_id=447\" data-width=\"180\" data-send=\"false\" data-show-faces=\"false\"  data-action=\"like\" data-share=\"true\"data-layout=\"button\" ><\/div><\/div><\/div><\/div>","protected":false},"excerpt":{"rendered":"<p>Veja aqui o texto completo sobre a Miss\u00e3o, Valores, Vis\u00e3o e os Minist\u00e9rios da Igreja Batista em Sousas. (PDF) Este Material foi produzido no 1\u00ba Semestre de 2019 e portanto em muitas informa\u00e7\u00f5es ele condiz com a realidade atual da Igreja, sem d\u00favida o passar dos dias far\u00e1 com que uma revis\u00e3o e atualiza\u00e7\u00e3o sejam [&hellip;]<\/p>\n","protected":false},"author":1,"featured_media":0,"parent":0,"menu_order":0,"comment_status":"closed","ping_status":"closed","template":"","meta":[],"_links":{"self":[{"href":"https:\/\/ibsousas.org.br\/index.php?rest_route=\/wp\/v2\/pages\/447"}],"collection":[{"href":"https:\/\/ibsousas.org.br\/index.php?rest_route=\/wp\/v2\/pages"}],"about":[{"href":"https:\/\/ibsousas.org.br\/index.php?rest_route=\/wp\/v2\/types\/page"}],"author":[{"embeddable":true,"href":"https:\/\/ibsousas.org.br\/index.php?rest_route=\/wp\/v2\/users\/1"}],"replies":[{"embeddable":true,"href":"https:\/\/ibsousas.org.br\/index.php?rest_route=%2Fwp%2Fv2%2Fcomments&post=447"}],"version-history":[{"count":4,"href":"https:\/\/ibsousas.org.br\/index.php?rest_route=\/wp\/v2\/pages\/447\/revisions"}],"predecessor-version":[{"id":991,"href":"https:\/\/ibsousas.org.br\/index.php?rest_route=\/wp\/v2\/pages\/447\/revisions\/991"}],"wp:attachment":[{"href":"https:\/\/ibsousas.org.br\/index.php?rest_route=%2Fwp%2Fv2%2Fmedia&parent=447"}],"curies":[{"name":"wp","href":"https:\/\/api.w.org\/{rel}","templated":true}]}}