{"id":44,"date":"2019-08-04T20:41:43","date_gmt":"2019-08-04T23:41:43","guid":{"rendered":"http:\/\/ibsousas.org.br\/?page_id=44"},"modified":"2019-12-02T13:31:33","modified_gmt":"2019-12-02T16:31:33","slug":"textuais","status":"publish","type":"page","link":"https:\/\/ibsousas.org.br\/?page_id=44","title":{"rendered":"Textuais"},"content":{"rendered":"\n<ul><li><a href=\"http:\/\/ibsousas.org.br\/wp-content\/uploads\/2019\/12\/Adoracao.ppt\">Adora\u00e7\u00e3o &#8211; I Tim\u00f3teo<\/a><\/li><li><a href=\"http:\/\/ibsousas.org.br\/wp-content\/uploads\/2019\/11\/3Coisas.ppt\">3 Coisas Sobre Ser Igreja em Romanos 1<\/a><\/li><li><p><a href=\"http:\/\/ibsousas.org.br\/wp-content\/uploads\/2012\/09\/A-B\u00ean\u00e7\u00e3o-da-Uni\u00e3o-Salmo-133.ppt\">A B\u00caN\u00c7\u00c3O DA UNI\u00c3O &#8211; SALMO 133<\/a><\/p><a href=\"http:\/\/www.ibsousas.org.br\/wp-content\/uploads\/2009\/12\/A-DIFEREN\u00c7A-ENTRE-O-FILHO-PR\u00d3DIGO-E-A-OVELHA-PERDIDA1.ppt\">A DIFEREN\u00c7A ENTRE O FILHO PR\u00d3DIGO E A OVELHA PERDIDA \u2013 LUCAS 15<\/a><\/li><li><a href=\"http:\/\/www.ibsousas.org.br\/wp-content\/uploads\/2010\/12\/Agentes-de-um-Mundo-Melhor.ppt\">AGENTES DE UM MUNDO MELHOR \u2013 JEREMIAS 29<\/a><\/li><li><a href=\"http:\/\/www.ibsousas.org.br\/wp-content\/uploads\/2011\/01\/A-PAR\u00c1BOLA-DAS-BODAS.ppt\">A PAR\u00c1BOLA DAS BODAS -PR CHARLES ESPEDITO DE OLIVEIRA \u2013 MATEUS 22: 1-14<\/a><\/li><li><a href=\"http:\/\/www.ibsousas.org.br\/wp-content\/uploads\/2010\/12\/A-Par\u00e1bola-dos-Talentos-Mateus-25-14-30.ppt\">A PAR\u00c1BOLA DOS TALENTOS &#8211; MATEUS 25: 14-30<\/a><\/li><li><a href=\"http:\/\/www.ibsousas.org.br\/wp-content\/uploads\/2010\/12\/EBD-Serginho.ppt\">A PAR\u00c1BOLA DA DRACMA PERDIDA \u2013 SEM. SERGIO LUIS FERMINO &#8211; LUCAS 15: 8-10<\/a><\/li><li><a href=\"http:\/\/www.ibsousas.org.br\/wp-content\/uploads\/2012\/10\/A-Regra-de-Ouro-da-Boa-Vida.ppt\">A REGRA DE OURO DA BOA VIDA \u2013 2 COR\u00cdNTIOS 9: 6-8<\/a><\/li><li><a href=\"http:\/\/www.ibsousas.org.br\/wp-content\/uploads\/2012\/10\/Aula-01-Cap\u00edtulo-01-Filipenses.ppt\">AULA DE FILIPENSES CAP\u00cdTULO 01 \u2013 FILIPENSES 1<\/a><\/li><li><a href=\"http:\/\/www.ibsousas.org.br\/wp-content\/uploads\/2012\/10\/Aula-02-Cap\u00edtulo-02-Filipenses.ppt\">AULA DE FILIPENSES CAP\u00cdTULO 02 \u2013 FILIPENSES 2<\/a><\/li><li><a href=\"http:\/\/www.ibsousas.org.br\/wp-content\/uploads\/2012\/10\/Aula-03-Cap\u00edtulo-03-Filipenses.ppt\">AULA DE FILIPENSES CAP\u00cdTULO 03 \u2013 FILIPENSES 3<\/a><\/li><li><a href=\"http:\/\/www.ibsousas.org.br\/wp-content\/uploads\/2012\/10\/Aula-04-Cap\u00edtulo-04-Filipenses.ppt\">AULA DE FILIPENSES CAP\u00cdTULO 04 \u2013 FILIPENSES 4<\/a><\/li><li><a href=\"http:\/\/www.ibsousas.org.br\/wp-content\/uploads\/2013\/06\/Como-Zaqueu.ppt\">COMO ZAQUEU\u2026 LUCAS 19:1-10<\/a><\/li><li><a href=\"http:\/\/www.ibsousas.org.br\/wp-content\/uploads\/2011\/03\/CRIANDO-PONTES.ppt\">CRIANDO PONTES \u2013 MATEUS 9: 36-38<\/a><\/li><li><a href=\"http:\/\/www.ibsousas.org.br\/wp-content\/uploads\/2014\/07\/Cap\u00edtulo-1-Como-Daniel-foi-Parar-na-Babil\u00f4nia.ppt\">DANIEL CAP\u00cdTULO 1 \u2013 COMO DANIEL FOI PARAR NA BABIL\u00d4NIA?<\/a><\/li><li><a href=\"http:\/\/www.ibsousas.org.br\/wp-content\/uploads\/2014\/07\/Cap\u00edtulo-2-Como-Daniel-virou-Grande-na-Babil\u00f4nia.ppt\">DANIEL CAP\u00cdTULO 2 \u2013 COMO DANIEL VIROU GRANDE NA BABIL\u00d4NIA?<\/a><\/li><li><a href=\"http:\/\/www.ibsousas.org.br\/wp-content\/uploads\/2014\/07\/Capitulo-3-Como-os-Amigos-de-Daniel-foram-incriveis-na-Babilonia.ppt\">DANIEL CAP\u00cdTULO 3 \u2013 COMO OS AMIGOS DE DANIEL FORAM INCR\u00cdVEIS NA BABIL\u00d4NIA?<\/a><\/li><li><a href=\"http:\/\/www.ibsousas.org.br\/wp-content\/uploads\/2014\/07\/Capitulo-4-Como-Deus-Impactou-a-Vida-de-Nabucodonosor-Rei-da-Babilonia.ppt\">DANIEL CAP\u00cdTULO 4 \u2013 COMO DEUS IMPACTOU A VIDA DE NABUCODONOSOR, REI DA BABIL\u00d4NIA?<\/a><\/li><li><a href=\"http:\/\/www.ibsousas.org.br\/wp-content\/uploads\/2012\/04\/Senhor-100-de-Minha-Vida-\u00e9-o-que-Quero-Dar-Te-Malaquias-3-11.ppt\">D\u00cdZIMO \u2013 SENHOR 100% DE MINHA VIDA \u00c9 O QUE EU QUERO DAR-TE! \u2013 MALAQUIAS 3:11<\/a><\/li><li><a href=\"http:\/\/www.ibsousas.org.br\/wp-content\/uploads\/2012\/04\/Ele-Fez-Por-N\u00f3s-Isa\u00edas-53-4.ppt\">ELE FEZ POR VOC\u00ca &#8211; ISA\u00cdAS 53:4<\/a><\/li><li><a href=\"http:\/\/www.ibsousas.org.br\/wp-content\/uploads\/2013\/03\/Em-Tudo-Dai-Gracas....ppt\">EM TUDO DAI GRA\u00c7AS \u2013 I TESSALONICENSES 5:18<\/a><\/li><li><a href=\"http:\/\/www.ibsousas.org.br\/wp-content\/uploads\/2010\/03\/Estudo-em-Tiago-3-1-a-12-Sem.-Cristiano.doc\">ESTUDO SOBRE A L\u00cdNGUA (SEM. CRISTIANO OLIVEIRA) \u2013 TIAGO 3: 1-12<\/a><\/li><li><a href=\"http:\/\/www.ibsousas.org.br\/wp-content\/uploads\/2012\/06\/Inundados-Por-Deus.ppt\">INUNDADOS POR DEUS \u2013 EZEQUIEL 47: 1-12<\/a><\/li><li><a href=\"http:\/\/www.ibsousas.org.br\/wp-content\/uploads\/2011\/03\/N\u00c3O-PERMITINDO-QUE-NINGU\u00c9M-NOS-AFASTE-DE-DEUS.ppt\">N\u00c3O PERMITINDO QUE NINGU\u00c9M NOS AFASTE DE DEUS &#8211; DEUTERON\u00d4MIO 13<\/a><\/li><li><a href=\"http:\/\/www.ibsousas.org.br\/wp-content\/uploads\/2010\/02\/Olhando-a-Igreja-Pela-Vis\u00e3o-de-Cristo-21-02-10-MP3.mp3\">OLHANDO A IGREJA PELA VIS\u00c3O DE CRISTO (\u00c1UDIO) &#8211; EF\u00c9SIOS 5: 22-33<\/a><\/li><li><a href=\"http:\/\/www.ibsousas.org.br\/wp-content\/uploads\/2010\/02\/N\u00ba-2-Olhando-a-Igreja-Pela-Vis\u00e3o-de-Cristo.ppt\">OLHANDO A IGREJA PELA VIS\u00c3O DE CRISTO &#8211; EF\u00c9SIOS 5: 22-33<\/a><\/li><li><a href=\"http:\/\/www.ibsousas.org.br\/wp-content\/uploads\/2010\/12\/A-Par\u00e1bola-dos-Talentos-Mateus-25-14-30.ppt\">O QUE VOC\u00ca EST\u00c1 FAZENDO DA SUA VIDA? \u2013 PAR\u00c1BOLA DOS TALENTOS<\/a><\/li><li><a href=\"http:\/\/www.ibsousas.org.br\/wp-content\/uploads\/2010\/04\/OS-SALMOS-DOS-DEGRAUS-do-120-ao-123.ppt\">OS SALMOS DOS DEGRAUS &#8211; SALMOS 120 a 123<\/a><\/li><li><a href=\"http:\/\/www.ibsousas.org.br\/wp-content\/uploads\/2012\/04\/PARA-O-ALTO-E-AVANTE.ppt\">PARA O ALTO E AVANTE! \u2013 O POL\u00caMICO TEXTO DE HEBREUS 6: 4-6<\/a><\/li><li><a href=\"http:\/\/www.ibsousas.org.br\/wp-content\/uploads\/2012\/04\/Posso-Confiar-Jeremias-17-5.ppt\">POSSO CONFIAR? \u2013 JEREMIAS 17:5<\/a><\/li><li><a href=\"http:\/\/www.ibsousas.org.br\/wp-content\/uploads\/2012\/04\/Uma-Busca-Constante-Ef\u00e9sios-5-18-21.ppt\">UMA BUSCA CONSTANTE &#8211; EF\u00c9SIOS 5: 18 A 21<\/a><\/li><li><a href=\"http:\/\/www.ibsousas.org.br\/wp-content\/uploads\/2011\/01\/Uma-Tradu\u00e7\u00e3o-Pr\u00e1tica-do-Pai-Nosso.ppt\">UMA TRADU\u00c7\u00c3O PR\u00c1TICA DO PAI NOSSO &#8211; MATEUS 6: 9-13<\/a><\/li><li><a href=\"http:\/\/www.ibsousas.org.br\/wp-content\/uploads\/2013\/07\/Um-Olhar-de-Esperanca.ppt\">UM OLHAR DE ESPERAN\u00c7A \u2013 ESTUDO NO TEMPLO DE EZEQUIEL \u2013 EZEQUIEL 40 A 42<\/a><\/li><li><a href=\"http:\/\/www.ibsousas.org.br\/wp-content\/uploads\/2013\/07\/Um-Olhar-de-Esperanca-O-Templo-de-Ezequeil-Parte-2.ppt\">UM OLHAR DE ESPERAN\u00c7A \u2013 ESTUDO NO TEMPLO DE EZEQUIEL \u2013 PARTE 2 \u2013 EZEQUIEL 43-44<\/a><\/li><li><a href=\"http:\/\/www.ibsousas.org.br\/wp-content\/uploads\/2010\/09\/UM-PRIVIL\u00c9GIO.ppt\">UM PRIVIL\u00c9GIO \u2013 \u201cMUITOS S\u00c3O CHAMADOS, MAS\u2026\u201d &#8211; MATEUS 22: 14<\/a><\/li><li><a href=\"http:\/\/www.ibsousas.org.br\/wp-content\/uploads\/2010\/05\/Viva-a-Vida-Com-Cristo.ppt\">VIVA A VIDA COM CRISTO \u2013 PAR\u00c1BOLA DA REDE \u2013 MATEUS 13: 47-50<\/a><\/li><\/ul>\n<div class='sfsi_Sicons' style='width: 100%; display: inline-block; vertical-align: middle; text-align:left'><div style='margin:0px 8px 0px 0px; line-height: 24px'><span>((( Curtiu a ben\u00e7\u00e3o? Ent\u00e3o aben\u00e7oe outros compartilhando ! )))<\/span><\/div><div class='sfsi_socialwpr'><div class='sf_fb' style='text-align:left;vertical-align: middle;width:98px'><div class=\"fb-like\" data-href=\"https:\/\/ibsousas.org.br\/?page_id=44\" data-width=\"180\" data-send=\"false\" data-show-faces=\"false\"  data-action=\"like\" data-share=\"true\"data-layout=\"button\" ><\/div><\/div><\/div><\/div>","protected":false},"excerpt":{"rendered":"<p>Adora\u00e7\u00e3o &#8211; I Tim\u00f3teo 3 Coisas Sobre Ser Igreja em Romanos 1 A B\u00caN\u00c7\u00c3O DA UNI\u00c3O &#8211; SALMO 133 A DIFEREN\u00c7A ENTRE O FILHO PR\u00d3DIGO E A OVELHA PERDIDA \u2013 LUCAS 15 AGENTES DE UM MUNDO MELHOR \u2013 JEREMIAS 29 A PAR\u00c1BOLA DAS BODAS -PR CHARLES ESPEDITO DE OLIVEIRA \u2013 MATEUS 22: 1-14 A PAR\u00c1BOLA [&hellip;]<\/p>\n","protected":false},"author":1,"featured_media":0,"parent":0,"menu_order":0,"comment_status":"closed","ping_status":"closed","template":"","meta":[],"_links":{"self":[{"href":"https:\/\/ibsousas.org.br\/index.php?rest_route=\/wp\/v2\/pages\/44"}],"collection":[{"href":"https:\/\/ibsousas.org.br\/index.php?rest_route=\/wp\/v2\/pages"}],"about":[{"href":"https:\/\/ibsousas.org.br\/index.php?rest_route=\/wp\/v2\/types\/page"}],"author":[{"embeddable":true,"href":"https:\/\/ibsousas.org.br\/index.php?rest_route=\/wp\/v2\/users\/1"}],"replies":[{"embeddable":true,"href":"https:\/\/ibsousas.org.br\/index.php?rest_route=%2Fwp%2Fv2%2Fcomments&post=44"}],"version-history":[{"count":24,"href":"https:\/\/ibsousas.org.br\/index.php?rest_route=\/wp\/v2\/pages\/44\/revisions"}],"predecessor-version":[{"id":1098,"href":"https:\/\/ibsousas.org.br\/index.php?rest_route=\/wp\/v2\/pages\/44\/revisions\/1098"}],"wp:attachment":[{"href":"https:\/\/ibsousas.org.br\/index.php?rest_route=%2Fwp%2Fv2%2Fmedia&parent=44"}],"curies":[{"name":"wp","href":"https:\/\/api.w.org\/{rel}","templated":true}]}}