{"id":41,"date":"2019-08-04T20:32:32","date_gmt":"2019-08-04T23:32:32","guid":{"rendered":"http:\/\/ibsousas.org.br\/?page_id=41"},"modified":"2019-10-14T15:43:18","modified_gmt":"2019-10-14T18:43:18","slug":"auxilio","status":"publish","type":"page","link":"https:\/\/ibsousas.org.br\/?page_id=41","title":{"rendered":"Quer Ajuda ?"},"content":{"rendered":"\n<p>Esta p\u00e1gina de nosso Site tem como objetivo lhe ajudar na luta (ou d\u00favida) em que voc\u00ea est\u00e1 passando.<\/p>\n\n\n\n<p>Como? De tr\u00eas formas:<\/p>\n\n\n\n<p>1- Em Ora\u00e7\u00e3o, que pode ser enviada via e-mail a n\u00f3s<\/p>\n\n\n\n<p>2- Em Aconselhamento, via e-mail ou pessoalmente, caso voc\u00ea prefira.<\/p>\n\n\n\n<p>\u00c1reas: filhos, matrimonial, depress\u00e3o, ang\u00fastia, opress\u00e3o maligna, finan\u00e7as, etc\u2026<\/p>\n\n\n\n<p>3- Se voc\u00ea tem qualquer d\u00favida b\u00edblica ou teol\u00f3gica, envie-nos. Tentaremos lhe esclarecer pela B\u00edblia<\/p>\n\n\n\n<p>Envie para o email: rodrigo@ibsousas.org.br<\/p>\n\n\n\n<p>GARANTIMOS-LHE SIGILO!!!<\/p>\n<div class='sfsi_Sicons' style='width: 100%; display: inline-block; vertical-align: middle; text-align:left'><div style='margin:0px 8px 0px 0px; line-height: 24px'><span>((( Curtiu a ben\u00e7\u00e3o? Ent\u00e3o aben\u00e7oe outros compartilhando ! )))<\/span><\/div><div class='sfsi_socialwpr'><div class='sf_fb' style='text-align:left;vertical-align: middle;width:98px'><div class=\"fb-like\" data-href=\"https:\/\/ibsousas.org.br\/?page_id=41\" data-width=\"180\" data-send=\"false\" data-show-faces=\"false\"  data-action=\"like\" data-share=\"true\"data-layout=\"button\" ><\/div><\/div><\/div><\/div>","protected":false},"excerpt":{"rendered":"<p>Esta p\u00e1gina de nosso Site tem como objetivo lhe ajudar na luta (ou d\u00favida) em que voc\u00ea est\u00e1 passando. Como? De tr\u00eas formas: 1- Em Ora\u00e7\u00e3o, que pode ser enviada via e-mail a n\u00f3s 2- Em Aconselhamento, via e-mail ou pessoalmente, caso voc\u00ea prefira. \u00c1reas: filhos, matrimonial, depress\u00e3o, ang\u00fastia, opress\u00e3o maligna, finan\u00e7as, etc\u2026 3- Se [&hellip;]<\/p>\n","protected":false},"author":1,"featured_media":0,"parent":0,"menu_order":0,"comment_status":"closed","ping_status":"closed","template":"","meta":[],"_links":{"self":[{"href":"https:\/\/ibsousas.org.br\/index.php?rest_route=\/wp\/v2\/pages\/41"}],"collection":[{"href":"https:\/\/ibsousas.org.br\/index.php?rest_route=\/wp\/v2\/pages"}],"about":[{"href":"https:\/\/ibsousas.org.br\/index.php?rest_route=\/wp\/v2\/types\/page"}],"author":[{"embeddable":true,"href":"https:\/\/ibsousas.org.br\/index.php?rest_route=\/wp\/v2\/users\/1"}],"replies":[{"embeddable":true,"href":"https:\/\/ibsousas.org.br\/index.php?rest_route=%2Fwp%2Fv2%2Fcomments&post=41"}],"version-history":[{"count":2,"href":"https:\/\/ibsousas.org.br\/index.php?rest_route=\/wp\/v2\/pages\/41\/revisions"}],"predecessor-version":[{"id":863,"href":"https:\/\/ibsousas.org.br\/index.php?rest_route=\/wp\/v2\/pages\/41\/revisions\/863"}],"wp:attachment":[{"href":"https:\/\/ibsousas.org.br\/index.php?rest_route=%2Fwp%2Fv2%2Fmedia&parent=41"}],"curies":[{"name":"wp","href":"https:\/\/api.w.org\/{rel}","templated":true}]}}