{"id":371,"date":"2019-08-10T08:02:11","date_gmt":"2019-08-10T11:02:11","guid":{"rendered":"https:\/\/ibsousas.org.br\/?page_id=371"},"modified":"2019-08-12T16:13:52","modified_gmt":"2019-08-12T19:13:52","slug":"visao","status":"publish","type":"page","link":"https:\/\/ibsousas.org.br\/?page_id=371","title":{"rendered":"Vis\u00e3o"},"content":{"rendered":"\n<hr class=\"wp-block-separator\"\/>\n\n\n\n<p style=\"text-align:center\" class=\"has-large-font-size\">VIS\u00c3O DA IGREJA BATISTA EM SOUSAS:<\/p>\n\n\n\n<p><strong>Uma igreja \u2026<\/strong><\/p>\n\n\n\n<ul><li>Empenhada na <strong>evangeliza\u00e7\u00e3o<\/strong><\/li><li>Aplicada na <strong>reintegra\u00e7\u00e3o <\/strong>de crist\u00e3os desviados<\/li><li>Comprometida com o <strong>discipulado <\/strong>crist\u00e3o<\/li><li>Organizada em <strong>PGMs <\/strong>(Pequenos Grupos Multiplicadores) nos lares<\/li><li>Diligente no <strong>Ensino <\/strong>fiel das Escrituras<\/li><li>Valorizadora da comunh\u00e3o e do amor crist\u00e3o<\/li><li>Praticante de uma celebra\u00e7\u00e3o sincera e contagiante<\/li><li>Viabilizadora de est\u00edmulos e meios para que cada membro tenha uma vida espiritual saud\u00e1vel<\/li><li>Que prov\u00ea Ensino, Celebra\u00e7\u00e3o e Comunh\u00e3o por meio de suas atividades<\/li><li>Comprometida com <strong>miss\u00f5es <\/strong>atrav\u00e9s da ora\u00e7\u00e3o, contribui\u00e7\u00e3o, fazendo miss\u00f5es e enviando mission\u00e1rios<\/li><li>Dedicada a estimular cada membro a comprometer-se com sua miss\u00e3o, vis\u00e3o de futuro e valores<\/li><li>Que tenha uma <strong>sede pr\u00f3pria<\/strong>, ampla e adequada \u00e0s suas necessidades<\/li><li>Que <strong>sirva <\/strong>em amor \u00e0 comunidade com suas instala\u00e7\u00f5es e recursos<\/li><\/ul>\n\n\n\n<hr class=\"wp-block-separator\"\/>\n<div class='sfsi_Sicons' style='width: 100%; display: inline-block; vertical-align: middle; text-align:left'><div style='margin:0px 8px 0px 0px; line-height: 24px'><span>((( Curtiu a ben\u00e7\u00e3o? Ent\u00e3o aben\u00e7oe outros compartilhando ! )))<\/span><\/div><div class='sfsi_socialwpr'><div class='sf_fb' style='text-align:left;vertical-align: middle;width:98px'><div class=\"fb-like\" data-href=\"https:\/\/ibsousas.org.br\/?page_id=371\" data-width=\"180\" data-send=\"false\" data-show-faces=\"false\"  data-action=\"like\" data-share=\"true\"data-layout=\"button\" ><\/div><\/div><\/div><\/div>","protected":false},"excerpt":{"rendered":"<p>VIS\u00c3O DA IGREJA BATISTA EM SOUSAS: Uma igreja \u2026 Empenhada na evangeliza\u00e7\u00e3o Aplicada na reintegra\u00e7\u00e3o de crist\u00e3os desviados Comprometida com o discipulado crist\u00e3o Organizada em PGMs (Pequenos Grupos Multiplicadores) nos lares Diligente no Ensino fiel das Escrituras Valorizadora da comunh\u00e3o e do amor crist\u00e3o Praticante de uma celebra\u00e7\u00e3o sincera e contagiante Viabilizadora de est\u00edmulos e [&hellip;]<\/p>\n","protected":false},"author":1,"featured_media":0,"parent":0,"menu_order":0,"comment_status":"closed","ping_status":"closed","template":"","meta":[],"_links":{"self":[{"href":"https:\/\/ibsousas.org.br\/index.php?rest_route=\/wp\/v2\/pages\/371"}],"collection":[{"href":"https:\/\/ibsousas.org.br\/index.php?rest_route=\/wp\/v2\/pages"}],"about":[{"href":"https:\/\/ibsousas.org.br\/index.php?rest_route=\/wp\/v2\/types\/page"}],"author":[{"embeddable":true,"href":"https:\/\/ibsousas.org.br\/index.php?rest_route=\/wp\/v2\/users\/1"}],"replies":[{"embeddable":true,"href":"https:\/\/ibsousas.org.br\/index.php?rest_route=%2Fwp%2Fv2%2Fcomments&post=371"}],"version-history":[{"count":8,"href":"https:\/\/ibsousas.org.br\/index.php?rest_route=\/wp\/v2\/pages\/371\/revisions"}],"predecessor-version":[{"id":414,"href":"https:\/\/ibsousas.org.br\/index.php?rest_route=\/wp\/v2\/pages\/371\/revisions\/414"}],"wp:attachment":[{"href":"https:\/\/ibsousas.org.br\/index.php?rest_route=%2Fwp%2Fv2%2Fmedia&parent=371"}],"curies":[{"name":"wp","href":"https:\/\/api.w.org\/{rel}","templated":true}]}}