{"id":23,"date":"2019-08-04T19:57:13","date_gmt":"2019-08-04T22:57:13","guid":{"rendered":"http:\/\/ibsousas.org.br\/?page_id=23"},"modified":"2019-08-09T17:26:19","modified_gmt":"2019-08-09T20:26:19","slug":"links","status":"publish","type":"page","link":"https:\/\/ibsousas.org.br\/?page_id=23","title":{"rendered":"Links"},"content":{"rendered":"\n<ul><li><a href=\"https:\/\/cbesp.org.br\/\">Conven\u00e7\u00e3o Batista do Estado de S\u00e3o Paulo<\/a><\/li><li><a href=\"http:\/\/jubacad.com.br\/\">Juventude Batista de Campinas e Ajdac\u00eancias<\/a><\/li><li><a href=\"http:\/\/www.searaurbana.com\/\">Seara Urbana<\/a><\/li><li><a href=\"https:\/\/pt-br.facebook.com\/IBemSousas\/\">P\u00e1gina da IBS no Facebook<\/a><\/li><\/ul>\n<div class='sfsi_Sicons' style='width: 100%; display: inline-block; vertical-align: middle; text-align:left'><div style='margin:0px 8px 0px 0px; line-height: 24px'><span>((( Curtiu a ben\u00e7\u00e3o? Ent\u00e3o aben\u00e7oe outros compartilhando ! )))<\/span><\/div><div class='sfsi_socialwpr'><div class='sf_fb' style='text-align:left;vertical-align: middle;width:98px'><div class=\"fb-like\" data-href=\"https:\/\/ibsousas.org.br\/?page_id=23\" data-width=\"180\" data-send=\"false\" data-show-faces=\"false\"  data-action=\"like\" data-share=\"true\"data-layout=\"button\" ><\/div><\/div><\/div><\/div>","protected":false},"excerpt":{"rendered":"<p>Conven\u00e7\u00e3o Batista do Estado de S\u00e3o Paulo Juventude Batista de Campinas e Ajdac\u00eancias Seara Urbana P\u00e1gina da IBS no Facebook ((( Curtiu a ben\u00e7\u00e3o? Ent\u00e3o aben\u00e7oe outros compartilhando ! )))<\/p>\n","protected":false},"author":1,"featured_media":0,"parent":0,"menu_order":0,"comment_status":"closed","ping_status":"closed","template":"","meta":[],"_links":{"self":[{"href":"https:\/\/ibsousas.org.br\/index.php?rest_route=\/wp\/v2\/pages\/23"}],"collection":[{"href":"https:\/\/ibsousas.org.br\/index.php?rest_route=\/wp\/v2\/pages"}],"about":[{"href":"https:\/\/ibsousas.org.br\/index.php?rest_route=\/wp\/v2\/types\/page"}],"author":[{"embeddable":true,"href":"https:\/\/ibsousas.org.br\/index.php?rest_route=\/wp\/v2\/users\/1"}],"replies":[{"embeddable":true,"href":"https:\/\/ibsousas.org.br\/index.php?rest_route=%2Fwp%2Fv2%2Fcomments&post=23"}],"version-history":[{"count":5,"href":"https:\/\/ibsousas.org.br\/index.php?rest_route=\/wp\/v2\/pages\/23\/revisions"}],"predecessor-version":[{"id":353,"href":"https:\/\/ibsousas.org.br\/index.php?rest_route=\/wp\/v2\/pages\/23\/revisions\/353"}],"wp:attachment":[{"href":"https:\/\/ibsousas.org.br\/index.php?rest_route=%2Fwp%2Fv2%2Fmedia&parent=23"}],"curies":[{"name":"wp","href":"https:\/\/api.w.org\/{rel}","templated":true}]}}