{"id":16,"date":"2019-08-04T19:30:05","date_gmt":"2019-08-04T22:30:05","guid":{"rendered":"http:\/\/ibsousas.org.br\/?page_id=16"},"modified":"2025-12-15T13:27:37","modified_gmt":"2025-12-15T16:27:37","slug":"inicial","status":"publish","type":"page","link":"https:\/\/ibsousas.org.br\/","title":{"rendered":""},"content":{"rendered":"\n<div class=\"alignnormal\"><div id=\"metaslider-id-605\" style=\"max-width: 500px; margin: 0 auto;\" class=\"ml-slider-3-15-2 metaslider metaslider-flex metaslider-605 ml-slider\">\n    <div id=\"metaslider_container_605\">\n        <div id=\"metaslider_605\" class=\"flexslider\">\n            <ul aria-live=\"polite\" class=\"slides\">\n            <\/ul>\n        <\/div>\n        \n    <\/div>\n<\/div><\/div>\n\n\n\n<p><\/p>\n\n\n\n<p><\/p>\n\n\n\n<p>A Igreja Batista em Sousas \u00e9 um grupo que se re\u00fane com o prop\u00f3sito de ter uma rela\u00e7\u00e3o com Deus em adora\u00e7\u00e3o e em servi\u00e7o. Tamb\u00e9m se re\u00fane para ter uma rela\u00e7\u00e3o em amor e comunh\u00e3o de uns com os outros.<\/p>\n\n\n\n<p>A IBS, como a chamamos, \u00e9 caracterizada por estes dois prop\u00f3sitos essenciais ao ser humano de relacionamento: com Deus e com o pr\u00f3ximo.<\/p>\n\n\n\n<p>Voc\u00ea \u00e9 nosso convidado para estar na IBS. <\/p>\n\n\n\n<p><strong>Quando?<\/strong> <\/p>\n\n\n\n<p>Atividades semanais:<\/p>\n\n\n\n<ul><li>Cultos aos Domingos \u2013 Celebra\u00e7\u00f5es \u00e0s 17h00 com Classe Especial para as Crian\u00e7as<\/li><li><span style=\"color: initial;\">Clique em <\/span><a href=\"http:\/\/ibsousas.org.br\/?page_id=76\">Atividades &#8211; Lares<\/a><span style=\"color: initial;\"> e veja aonde temos reuni\u00f5es da IBS espalhadas por v\u00e1rios dias e locais<\/span><\/li><\/ul>\n\n\n\n<p><strong>Onde?<\/strong> <\/p>\n\n\n\n<p>Rua Vitorio Moscardi, 150 ( atr\u00e1s do Posto Shell da Avenida principal),  Sousas &#8211; Campinas-SP.       .<\/p>\n\n\n\n<p>Veja mapa abaixo.<\/p>\n\n\n\n<hr class=\"wp-block-separator\"\/>\n\n\n\n<ul><li><strong>Email<\/strong>: igreja@ibsousas.org.br<\/li><li><strong>Facebook<\/strong>: <a href=\"https:\/\/pt-br.facebook.com\/IBemSousas\/\">https:\/\/pt-br.facebook.com\/IBemSousas\/<\/a><\/li><li><strong>Instagram<\/strong>: <a href=\"https:\/\/www.instagram.com\/ibsousas\/\">https:\/\/www.instagram.com\/ibsousas\/<\/a><\/li><\/ul>\n\n\n\n<hr class=\"wp-block-separator\"\/>\n\n\n<p><iframe loading=\"lazy\" style=\"border: 0;\" src=\"https:\/\/www.google.com\/maps\/embed?pb=!1m18!1m12!1m3!1d3675.7688547187645!2d-46.976851449175115!3d-22.884995542774327!2m3!1f0!2f0!3f0!3m2!1i1024!2i768!4f13.1!3m3!1m2!1s0x94c8d023f1e25055%3A0xb831cd917ee77f97!2sIGREJA+BATISTA+EM+SOUSAS!5e0!3m2!1spt-BR!2sbr!4v1565357267138!5m2!1spt-BR!2sbr\" width=\"600\" height=\"450\" frameborder=\"0\" allowfullscreen=\"allowfullscreen\"><\/iframe><\/p>\n\n\n<hr class=\"wp-block-separator\"\/>\n\n\n\n<p class=\"has-text-align-center has-large-font-size\"><strong>MISS\u00c3O DA IGREJA BATISTA EM SOUSAS:<\/strong><\/p>\n\n\n\n<hr class=\"wp-block-separator\"\/>\n\n\n\n<p class=\"has-text-align-center has-medium-font-size\">\u201cSer uma Igreja relevante para a <em>Comunidade e para o mundo todo<\/em> <strong>evangelizando <\/strong>e <strong>discipulando <\/strong>por meio do <strong>estudo da B\u00edblia<\/strong>, do <strong>servi\u00e7o <\/strong>a Deus e ao pr\u00f3ximo e da <strong>comunh\u00e3o <\/strong>genu\u00edna com Deus e entre as pessoas\u201d.<\/p>\n\n\n\n<p><\/p>\n\n\n\n<p><\/p>\n\n\n\n<p><\/p>\n\n\n\n<p><\/p>\n<div class='sfsi_Sicons' style='width: 100%; display: inline-block; vertical-align: middle; text-align:left'><div style='margin:0px 8px 0px 0px; line-height: 24px'><span>((( Curtiu a ben\u00e7\u00e3o? Ent\u00e3o aben\u00e7oe outros compartilhando ! )))<\/span><\/div><div class='sfsi_socialwpr'><div class='sf_fb' style='text-align:left;vertical-align: middle;width:98px'><div class=\"fb-like\" data-href=\"https:\/\/ibsousas.org.br\/\" data-width=\"180\" data-send=\"false\" data-show-faces=\"false\"  data-action=\"like\" data-share=\"true\"data-layout=\"button\" ><\/div><\/div><\/div><\/div>","protected":false},"excerpt":{"rendered":"<p>A Igreja Batista em Sousas \u00e9 um grupo que se re\u00fane com o prop\u00f3sito de ter uma rela\u00e7\u00e3o com Deus em adora\u00e7\u00e3o e em servi\u00e7o. Tamb\u00e9m se re\u00fane para ter uma rela\u00e7\u00e3o em amor e comunh\u00e3o de uns com os outros. A IBS, como a chamamos, \u00e9 caracterizada por estes dois prop\u00f3sitos essenciais ao ser [&hellip;]<\/p>\n","protected":false},"author":1,"featured_media":0,"parent":0,"menu_order":0,"comment_status":"closed","ping_status":"closed","template":"","meta":[],"_links":{"self":[{"href":"https:\/\/ibsousas.org.br\/index.php?rest_route=\/wp\/v2\/pages\/16"}],"collection":[{"href":"https:\/\/ibsousas.org.br\/index.php?rest_route=\/wp\/v2\/pages"}],"about":[{"href":"https:\/\/ibsousas.org.br\/index.php?rest_route=\/wp\/v2\/types\/page"}],"author":[{"embeddable":true,"href":"https:\/\/ibsousas.org.br\/index.php?rest_route=\/wp\/v2\/users\/1"}],"replies":[{"embeddable":true,"href":"https:\/\/ibsousas.org.br\/index.php?rest_route=%2Fwp%2Fv2%2Fcomments&post=16"}],"version-history":[{"count":77,"href":"https:\/\/ibsousas.org.br\/index.php?rest_route=\/wp\/v2\/pages\/16\/revisions"}],"predecessor-version":[{"id":1275,"href":"https:\/\/ibsousas.org.br\/index.php?rest_route=\/wp\/v2\/pages\/16\/revisions\/1275"}],"wp:attachment":[{"href":"https:\/\/ibsousas.org.br\/index.php?rest_route=%2Fwp%2Fv2%2Fmedia&parent=16"}],"curies":[{"name":"wp","href":"https:\/\/api.w.org\/{rel}","templated":true}]}}