{"id":129,"date":"2019-08-09T10:54:15","date_gmt":"2019-08-09T13:54:15","guid":{"rendered":"https:\/\/ibsousas.org.br\/?page_id=129"},"modified":"2019-10-10T14:38:11","modified_gmt":"2019-10-10T17:38:11","slug":"contato","status":"publish","type":"page","link":"https:\/\/ibsousas.org.br\/?page_id=129","title":{"rendered":"Contato"},"content":{"rendered":"\n<p>Voc\u00ea pode entrar em contato com a IBS atrav\u00e9s do email <strong>igreja@ibsousas.org.br<\/strong> ou no <strong>Facebook <\/strong>em <a href=\"https:\/\/pt-br.facebook.com\/IBemSousas\/\">https:\/\/pt-br.facebook.com\/IBemSousas\/<\/a><\/p>\n\n\n\n<hr class=\"wp-block-separator\"\/>\n\n\n\n<p style=\"text-align:center\" class=\"has-large-font-size\"><strong>H\u00c1 VAGAS:<\/strong><\/p>\n\n\n\n<ul><li>se voc\u00ea se reconhece pecador e se voc\u00ea ama a Deus<\/li><li>se voc\u00ea gosta de estudar a B\u00edblia e de orar<\/li><li>se voc\u00ea entende que nenhum crente \u00e9 uma ilha<\/li><li>se voc\u00ea est\u00e1 disposto a se relacionar com crentes imperfeitos<\/li><li>se voc\u00ea quer dar a Deus seu tempo<\/li><\/ul>\n\n\n\n<hr class=\"wp-block-separator\"\/>\n\n\n\n<p style=\"text-align:center\" class=\"has-large-font-size\">Se voc\u00ea preenche os requisitos acima, h\u00e1 vaga para voc\u00ea:<\/p>\n\n\n\n<hr class=\"wp-block-separator\"\/>\n\n\n\n<p style=\"text-align:center\" class=\"has-large-font-size\">Comparecer na Rua Vit\u00f3rio Moscardi, 150 &#8211; Sousas<\/p>\n\n\n\n<center><iframe loading=\"lazy\" height=\"200\" marginheight=\"0\" src=\"https:\/\/www.internautascristaos.com\/arquivos\/versiculos\/versiculos.html\"  frameborder=\"no\" width=\"300\" scrolling=\"auto\" name=\"textos\"> <\/iframe><\/center>\n\n\n\n<hr class=\"wp-block-separator\"\/>\n<div class='sfsi_Sicons' style='width: 100%; display: inline-block; vertical-align: middle; text-align:left'><div style='margin:0px 8px 0px 0px; line-height: 24px'><span>((( Curtiu a ben\u00e7\u00e3o? Ent\u00e3o aben\u00e7oe outros compartilhando ! )))<\/span><\/div><div class='sfsi_socialwpr'><div class='sf_fb' style='text-align:left;vertical-align: middle;width:98px'><div class=\"fb-like\" data-href=\"https:\/\/ibsousas.org.br\/?page_id=129\" data-width=\"180\" data-send=\"false\" data-show-faces=\"false\"  data-action=\"like\" data-share=\"true\"data-layout=\"button\" ><\/div><\/div><\/div><\/div>","protected":false},"excerpt":{"rendered":"<p>Voc\u00ea pode entrar em contato com a IBS atrav\u00e9s do email igreja@ibsousas.org.br ou no Facebook em https:\/\/pt-br.facebook.com\/IBemSousas\/ H\u00c1 VAGAS: se voc\u00ea se reconhece pecador e se voc\u00ea ama a Deus se voc\u00ea gosta de estudar a B\u00edblia e de orar se voc\u00ea entende que nenhum crente \u00e9 uma ilha se voc\u00ea est\u00e1 disposto a se [&hellip;]<\/p>\n","protected":false},"author":1,"featured_media":0,"parent":0,"menu_order":0,"comment_status":"closed","ping_status":"closed","template":"","meta":[],"_links":{"self":[{"href":"https:\/\/ibsousas.org.br\/index.php?rest_route=\/wp\/v2\/pages\/129"}],"collection":[{"href":"https:\/\/ibsousas.org.br\/index.php?rest_route=\/wp\/v2\/pages"}],"about":[{"href":"https:\/\/ibsousas.org.br\/index.php?rest_route=\/wp\/v2\/types\/page"}],"author":[{"embeddable":true,"href":"https:\/\/ibsousas.org.br\/index.php?rest_route=\/wp\/v2\/users\/1"}],"replies":[{"embeddable":true,"href":"https:\/\/ibsousas.org.br\/index.php?rest_route=%2Fwp%2Fv2%2Fcomments&post=129"}],"version-history":[{"count":9,"href":"https:\/\/ibsousas.org.br\/index.php?rest_route=\/wp\/v2\/pages\/129\/revisions"}],"predecessor-version":[{"id":827,"href":"https:\/\/ibsousas.org.br\/index.php?rest_route=\/wp\/v2\/pages\/129\/revisions\/827"}],"wp:attachment":[{"href":"https:\/\/ibsousas.org.br\/index.php?rest_route=%2Fwp%2Fv2%2Fmedia&parent=129"}],"curies":[{"name":"wp","href":"https:\/\/api.w.org\/{rel}","templated":true}]}}