{"id":1221,"date":"2021-10-24T11:50:08","date_gmt":"2021-10-24T14:50:08","guid":{"rendered":"https:\/\/ibsousas.org.br\/?page_id=1221"},"modified":"2021-10-24T11:50:10","modified_gmt":"2021-10-24T14:50:10","slug":"porque-alguns-nao-creem-em-cristo-muitos-chamados-poucos-escolhidos","status":"publish","type":"page","link":"https:\/\/ibsousas.org.br\/?page_id=1221","title":{"rendered":"Porqu\u00ea Alguns N\u00e3o Cr\u00eaem em Cristo? &#8220;Muitos chamados, poucos escolhidos&#8221;"},"content":{"rendered":"\n<p>Todos j\u00e1 nos perguntamos: porque Fulano ainda n\u00e3o se converteu?<\/p>\n\n\n\n<p>O assunto \u00e9 pol\u00eamico! Aluno meu uma vez me disse &#8220;Prof n\u00e3o gosto deste assunto, ele me faz entrar em crise&#8221;<\/p>\n\n\n\n<p>Nos PGMs desta Semana cuidado e sabedoria ao repercurtirem este Tema porque temos muitos n\u00e3o crentes conosco! N\u00e3o postem este Esbo\u00e7o nos PGMs (sugiro), ok?<\/p>\n\n\n\n<p>Creio que \u00e9 um assunto t\u00e3o pol\u00eamico que vamos subir ele pro Site de nossa Igreja, pois as pessoas querem aprender sobre isto!<\/p>\n\n\n\n<p>Duas Coisas Importantes Antes:<\/p>\n\n\n\n<p>1- este \u00e9 um Tema Importante, mas n\u00e3o um Tema Central, isto significa que podemos discordar. Exs de Temas Centrais: s\u00f3 Cristo salva, Trindade \u00e9 divina dentre outros<\/p>\n\n\n\n<p>2- devemos nos achegar \u00e0 B\u00edblia sem nossos pr\u00e9-conceitos pra aprender o que ela quer mesmo dizer sobre o assunto, n\u00e3o o que eu quero que ela diga! (Parab\u00e9ns aos nossos Jovens que n\u00e3o fugiram de estudar Apocalipse inclusive!!!)<\/p>\n\n\n\n<p><strong><u>I. Tenha F\u00e9 que vc \u00e9 um Escolhido de Deus, um salvo em Cristo.<\/u><\/strong><\/p>\n\n\n\n<p>&#8211; Esta Mensagem n\u00e3o \u00e9 pra te p\u00f4r medo neste assunto mas te encher de f\u00e9!<\/p>\n\n\n\n<p>&#8211; Vc creu em Jesus, se batizou, mudou de vida e n\u00e3o desistiu de segui-Lo!!!!<\/p>\n\n\n\n<p>&#8211; Crises e d\u00favidas sobre F\u00e9 s\u00e3o comuns nos salvos, mas que o Esp\u00edrito de Deus testifique (confirme isto) em seu Cora\u00e7\u00e3o: vc \u00e9 Salvo por Cristo &#8211; 1 Jo\u00e3o 5:13 (estude o livro de 1 Jo\u00e3o pra fundamentar este Tema em seu Cora\u00e7\u00e3o)<\/p>\n\n\n\n<p>&#8211; Se hoje vc est\u00e1 ca\u00eddo, se levante, o salvo pode at\u00e9 eventualmente cair, mas se levanta pegando na m\u00e3o do Criador como Pedro qdo afundava!<\/p>\n\n\n\n<p>&#8211; Ilust: sempre o aceito de novo (n\u00e3o \u00e9 preciso), sempre pergunt\u00e1vamos pro meu pai<\/p>\n\n\n\n<p><strong><u>II. H\u00e1 muitas raz\u00f5es porque algu\u00e9m:<\/u><\/strong><\/p>\n\n\n\n<p>a) n\u00e3o recebe a Jesus<\/p>\n\n\n\n<p>b) n\u00e3o segue Jesus at\u00e9 o fim<\/p>\n\n\n\n<p>c) &#8220;segue Jesus&#8221; mas n\u00e3o muda de vida<\/p>\n\n\n\n<p>Estas acima s\u00e3o na minha opini\u00e3o as raz\u00f5es principais que mostram que algu\u00e9m n\u00e3o \u00e9 salvo (ainda). Vejam s\u00f3:<\/p>\n\n\n\n<p>&#8211; talvez eles ainda venham a receber Jesus (ou voltar pra ele), continue crendo e pregando &#8211; n\u00e3o os julgue, n\u00e3o desanime e nem p\u00e1re de pegar o Evangelho de Jesus!<\/p>\n\n\n\n<p>&#8211; a verdade \u00e9 que alguns nunca crer\u00e3o!<\/p>\n\n\n\n<p>&#8211; mas principalmente analise sua vida se vc n\u00e3o est\u00e1 em uma destas situa\u00e7\u00f5es e acerte-se com Deus hoje!<\/p>\n\n\n\n<p>Textos b\u00edblicos que embasamos estas opini\u00f5es s\u00e3o:<\/p>\n\n\n\n<p>* 1 Jo\u00e3o 5:16: como saber quem n\u00e3o tem mais salva\u00e7\u00e3o? N\u00e3o sabemos, ent\u00e3o preguemos!<\/p>\n\n\n\n<p>* Jeremias 7:16: dura palavra de Deus! \u00c0s vezes nos fixamos em falar para \u201cum\u201d com tantos que precisam e querem ouvir!<\/p>\n\n\n\n<p>* Hebreus 6: 4 a 6: h\u00e1 alguns que escolheram sair do Caminho Jesus<\/p>\n\n\n\n<p>* Mateus 22: 14 e 22: sempre seremos a minoria, vc tem coragem pra ser minoria?<\/p>\n\n\n\n<p>* Hebreus 10:39: uma convoca\u00e7\u00e3o pra seguirmos adiante com Cristo, am\u00e9m?<\/p>\n\n\n\n<p>Texto Complementar meu resumidinho de como me faz crer sobre assuntos como: Predestina\u00e7\u00e3o, Soberania, Universalismo, Livre-Arb\u00edtrio e afins:<\/p>\n\n\n\n<p>Queridos, o fato de Deus permitir que o homem seja salvo em Cristo ao receb\u00ea-lo (e n\u00e3o determinar quem \u00e9 salvo ou n\u00e3o fora disto) n\u00e3o torna Deus menos soberano, torna Deus mais Soberano ainda, Ele (Deus) \u00e9 o &#8220;dono da bola&#8221; e fez as regras, a regra que o Soberano fez \u00e9: s\u00f3 quem receber Jesus ser\u00e1 salvo &#8211; Deus n\u00e3o escolhe salvos ou perdidos porque Ele n\u00e3o quer fazer isto, Ele soberanamente quis que o homem tomasse esta decis\u00e3o: Deus \u00e9 o &#8220;dono da bola&#8221;, Ele faz as regras, esta \u00e9 a regra da Salva\u00e7\u00e3o!<\/p>\n\n\n\n<p>CONCLUS\u00d5ES:<\/p>\n\n\n\n<p>1) Continue Pregando o Evangelho<\/p>\n\n\n\n<p>2) Creia em Jesus como seu \u00danico Salvador<\/p>\n\n\n\n<p>3) Continue at\u00e9 o fim com Jesus<\/p>\n\n\n\n<p>Jesus te Ama: Clara disse que foi dif\u00edcil pra ela escolher qual boneca ganhar. Eu lhe disse que fiz hoje uma coisa muito f\u00e1cil: a amei hoje! Ela me responde: eu sei Papai, vc me ama todos os dias, me ama de manh\u00e3, meia-noite, todas as horas!<\/p>\n\n\n\n<p>\u00c9 isto, Deus, nosso Papai, ama Voc\u00ea todas as horas!<\/p>\n<div class='sfsi_Sicons' style='width: 100%; display: inline-block; vertical-align: middle; text-align:left'><div style='margin:0px 8px 0px 0px; line-height: 24px'><span>((( Curtiu a ben\u00e7\u00e3o? Ent\u00e3o aben\u00e7oe outros compartilhando ! )))<\/span><\/div><div class='sfsi_socialwpr'><div class='sf_fb' style='text-align:left;vertical-align: middle;width:98px'><div class=\"fb-like\" data-href=\"https:\/\/ibsousas.org.br\/?page_id=1221\" data-width=\"180\" data-send=\"false\" data-show-faces=\"false\"  data-action=\"like\" data-share=\"true\"data-layout=\"button\" ><\/div><\/div><\/div><\/div>","protected":false},"excerpt":{"rendered":"<p>Todos j\u00e1 nos perguntamos: porque Fulano ainda n\u00e3o se converteu? O assunto \u00e9 pol\u00eamico! Aluno meu uma vez me disse &#8220;Prof n\u00e3o gosto deste assunto, ele me faz entrar em crise&#8221; Nos PGMs desta Semana cuidado e sabedoria ao repercurtirem este Tema porque temos muitos n\u00e3o crentes conosco! N\u00e3o postem este Esbo\u00e7o nos PGMs (sugiro), [&hellip;]<\/p>\n","protected":false},"author":1,"featured_media":0,"parent":0,"menu_order":0,"comment_status":"closed","ping_status":"closed","template":"","meta":[],"_links":{"self":[{"href":"https:\/\/ibsousas.org.br\/index.php?rest_route=\/wp\/v2\/pages\/1221"}],"collection":[{"href":"https:\/\/ibsousas.org.br\/index.php?rest_route=\/wp\/v2\/pages"}],"about":[{"href":"https:\/\/ibsousas.org.br\/index.php?rest_route=\/wp\/v2\/types\/page"}],"author":[{"embeddable":true,"href":"https:\/\/ibsousas.org.br\/index.php?rest_route=\/wp\/v2\/users\/1"}],"replies":[{"embeddable":true,"href":"https:\/\/ibsousas.org.br\/index.php?rest_route=%2Fwp%2Fv2%2Fcomments&post=1221"}],"version-history":[{"count":1,"href":"https:\/\/ibsousas.org.br\/index.php?rest_route=\/wp\/v2\/pages\/1221\/revisions"}],"predecessor-version":[{"id":1222,"href":"https:\/\/ibsousas.org.br\/index.php?rest_route=\/wp\/v2\/pages\/1221\/revisions\/1222"}],"wp:attachment":[{"href":"https:\/\/ibsousas.org.br\/index.php?rest_route=%2Fwp%2Fv2%2Fmedia&parent=1221"}],"curies":[{"name":"wp","href":"https:\/\/api.w.org\/{rel}","templated":true}]}}