{"id":106,"date":"2019-08-09T10:18:49","date_gmt":"2019-08-09T13:18:49","guid":{"rendered":"https:\/\/ibsousas.org.br\/?page_id=106"},"modified":"2020-01-15T13:32:48","modified_gmt":"2020-01-15T16:32:48","slug":"porque-sou-ibs","status":"publish","type":"page","link":"https:\/\/ibsousas.org.br\/?page_id=106","title":{"rendered":"Porque sou IBS?"},"content":{"rendered":"\n<div style=\"width: 640px;\" class=\"wp-video\"><!--[if lt IE 9]><script>document.createElement('video');<\/script><![endif]-->\n<video class=\"wp-video-shortcode\" id=\"video-106-1\" width=\"640\" height=\"360\" preload=\"metadata\" controls=\"controls\"><source type=\"video\/mp4\" src=\"https:\/\/ibsousas.org.br\/wp-content\/uploads\/2020\/01\/FlaMar1.mp4?_=1\" \/><a href=\"https:\/\/ibsousas.org.br\/wp-content\/uploads\/2020\/01\/FlaMar1.mp4\">https:\/\/ibsousas.org.br\/wp-content\/uploads\/2020\/01\/FlaMar1.mp4<\/a><\/video><\/div>\n\n\n\n<p>Marcos e Fl\u00e1via. Membros Frequentadores da IBS, h\u00e1 mais de 6 anos. Se achegaram num momento de leucemia da filha Marcela que hoje est\u00e1 curada, gra\u00e7as ao Santo e Poderoso Nome de JESUS!!!  <\/p>\n\n\n\n<hr class=\"wp-block-separator\"\/>\n\n\n\n<div style=\"width: 640px;\" class=\"wp-video\"><video class=\"wp-video-shortcode\" id=\"video-106-2\" width=\"640\" height=\"360\" preload=\"metadata\" controls=\"controls\"><source type=\"video\/mp4\" src=\"https:\/\/ibsousas.org.br\/wp-content\/uploads\/2020\/01\/Tere3.mp4?_=2\" \/><a href=\"https:\/\/ibsousas.org.br\/wp-content\/uploads\/2020\/01\/Tere3.mp4\">https:\/\/ibsousas.org.br\/wp-content\/uploads\/2020\/01\/Tere3.mp4<\/a><\/video><\/div>\n\n\n\n<p>Terezinha Peguin. Membro fundador da IBS, frequentadora ass\u00eddua e participante da diretoria.<\/p>\n\n\n\n<hr class=\"wp-block-separator\"\/>\n\n\n\n<div style=\"width: 640px;\" class=\"wp-video\"><video class=\"wp-video-shortcode\" id=\"video-106-3\" width=\"640\" height=\"360\" preload=\"metadata\" controls=\"controls\"><source type=\"video\/mp4\" src=\"https:\/\/ibsousas.org.br\/wp-content\/uploads\/2020\/01\/Elias3.mp4?_=3\" \/><a href=\"https:\/\/ibsousas.org.br\/wp-content\/uploads\/2020\/01\/Elias3.mp4\">https:\/\/ibsousas.org.br\/wp-content\/uploads\/2020\/01\/Elias3.mp4<\/a><\/video><\/div>\n\n\n\n<p>Elias Pacheco. Membro fundador da IBS, frequentador ass\u00edduo e participante da diretoria.<\/p>\n<div class='sfsi_Sicons' style='width: 100%; display: inline-block; vertical-align: middle; text-align:left'><div style='margin:0px 8px 0px 0px; line-height: 24px'><span>((( Curtiu a ben\u00e7\u00e3o? Ent\u00e3o aben\u00e7oe outros compartilhando ! )))<\/span><\/div><div class='sfsi_socialwpr'><div class='sf_fb' style='text-align:left;vertical-align: middle;width:98px'><div class=\"fb-like\" data-href=\"https:\/\/ibsousas.org.br\/?page_id=106\" data-width=\"180\" data-send=\"false\" data-show-faces=\"false\"  data-action=\"like\" data-share=\"true\"data-layout=\"button\" ><\/div><\/div><\/div><\/div>","protected":false},"excerpt":{"rendered":"<p>https:\/\/ibsousas.org.br\/wp-content\/uploads\/2020\/01\/FlaMar1.mp4 Marcos e Fl\u00e1via. Membros Frequentadores da IBS, h\u00e1 mais de 6 anos. Se achegaram num momento de leucemia da filha Marcela que hoje est\u00e1 curada, gra\u00e7as ao Santo e Poderoso Nome de JESUS!!! https:\/\/ibsousas.org.br\/wp-content\/uploads\/2020\/01\/Tere3.mp4 Terezinha Peguin. Membro fundador da IBS, frequentadora ass\u00eddua e participante da diretoria. https:\/\/ibsousas.org.br\/wp-content\/uploads\/2020\/01\/Elias3.mp4 Elias Pacheco. Membro fundador da IBS, frequentador [&hellip;]<\/p>\n","protected":false},"author":1,"featured_media":0,"parent":0,"menu_order":0,"comment_status":"closed","ping_status":"closed","template":"","meta":[],"_links":{"self":[{"href":"https:\/\/ibsousas.org.br\/index.php?rest_route=\/wp\/v2\/pages\/106"}],"collection":[{"href":"https:\/\/ibsousas.org.br\/index.php?rest_route=\/wp\/v2\/pages"}],"about":[{"href":"https:\/\/ibsousas.org.br\/index.php?rest_route=\/wp\/v2\/types\/page"}],"author":[{"embeddable":true,"href":"https:\/\/ibsousas.org.br\/index.php?rest_route=\/wp\/v2\/users\/1"}],"replies":[{"embeddable":true,"href":"https:\/\/ibsousas.org.br\/index.php?rest_route=%2Fwp%2Fv2%2Fcomments&post=106"}],"version-history":[{"count":19,"href":"https:\/\/ibsousas.org.br\/index.php?rest_route=\/wp\/v2\/pages\/106\/revisions"}],"predecessor-version":[{"id":1131,"href":"https:\/\/ibsousas.org.br\/index.php?rest_route=\/wp\/v2\/pages\/106\/revisions\/1131"}],"wp:attachment":[{"href":"https:\/\/ibsousas.org.br\/index.php?rest_route=%2Fwp%2Fv2%2Fmedia&parent=106"}],"curies":[{"name":"wp","href":"https:\/\/api.w.org\/{rel}","templated":true}]}}