{"id":80,"date":"2019-08-04T21:05:30","date_gmt":"2019-08-05T00:05:30","guid":{"rendered":"http:\/\/ibsousas.org.br\/?page_id=80"},"modified":"2025-12-15T13:49:45","modified_gmt":"2025-12-15T16:49:45","slug":"discipulado","status":"publish","type":"page","link":"http:\/\/ibsousas.org.br\/?page_id=80","title":{"rendered":"Discipulado"},"content":{"rendered":"\n<p>Um caminhar lado a lado entre 2 pessoas ou em um pequeno grupo \u00e9 o que \u00e9 um Discipulado.<br>Quer saber mais sobre isto ou receber um? <br>Mais informa\u00e7\u00f5es com o Sr Antonio 19 98880-7600<\/p>\n<div class='sfsi_Sicons' style='width: 100%; display: inline-block; vertical-align: middle; text-align:left'><div style='margin:0px 8px 0px 0px; line-height: 24px'><span>((( Curtiu a ben\u00e7\u00e3o? Ent\u00e3o aben\u00e7oe outros compartilhando ! )))<\/span><\/div><div class='sfsi_socialwpr'><div class='sf_fb' style='text-align:left;vertical-align: middle;width:98px'><div class=\"fb-like\" data-href=\"http:\/\/ibsousas.org.br\/?page_id=80\" data-width=\"180\" data-send=\"false\" data-show-faces=\"false\"  data-action=\"like\" data-share=\"true\"data-layout=\"button\" ><\/div><\/div><\/div><\/div>","protected":false},"excerpt":{"rendered":"<p>Um caminhar lado a lado entre 2 pessoas ou em um pequeno grupo \u00e9 o que \u00e9 um Discipulado.Quer saber mais sobre isto ou receber um? Mais informa\u00e7\u00f5es com o Sr Antonio 19 98880-7600 ((( Curtiu a ben\u00e7\u00e3o? Ent\u00e3o aben\u00e7oe outros compartilhando ! )))<\/p>\n","protected":false},"author":1,"featured_media":0,"parent":0,"menu_order":0,"comment_status":"closed","ping_status":"closed","template":"","meta":[],"_links":{"self":[{"href":"http:\/\/ibsousas.org.br\/index.php?rest_route=\/wp\/v2\/pages\/80"}],"collection":[{"href":"http:\/\/ibsousas.org.br\/index.php?rest_route=\/wp\/v2\/pages"}],"about":[{"href":"http:\/\/ibsousas.org.br\/index.php?rest_route=\/wp\/v2\/types\/page"}],"author":[{"embeddable":true,"href":"http:\/\/ibsousas.org.br\/index.php?rest_route=\/wp\/v2\/users\/1"}],"replies":[{"embeddable":true,"href":"http:\/\/ibsousas.org.br\/index.php?rest_route=%2Fwp%2Fv2%2Fcomments&post=80"}],"version-history":[{"count":3,"href":"http:\/\/ibsousas.org.br\/index.php?rest_route=\/wp\/v2\/pages\/80\/revisions"}],"predecessor-version":[{"id":1281,"href":"http:\/\/ibsousas.org.br\/index.php?rest_route=\/wp\/v2\/pages\/80\/revisions\/1281"}],"wp:attachment":[{"href":"http:\/\/ibsousas.org.br\/index.php?rest_route=%2Fwp%2Fv2%2Fmedia&parent=80"}],"curies":[{"name":"wp","href":"https:\/\/api.w.org\/{rel}","templated":true}]}}