{"id":110,"date":"2019-08-09T10:20:23","date_gmt":"2019-08-09T13:20:23","guid":{"rendered":"https:\/\/ibsousas.org.br\/?page_id=110"},"modified":"2020-03-02T15:32:23","modified_gmt":"2020-03-02T18:32:23","slug":"casais","status":"publish","type":"page","link":"http:\/\/ibsousas.org.br\/?page_id=110","title":{"rendered":"Casais &#038; Fam\u00edlia"},"content":{"rendered":"\n<p><\/p>\n\n\n\n<p>Mais informa\u00e7\u00f5es sobre este Minist\u00e9rio ou precisando de um aconselhamento na \u00e1rea matrimonial? Fale com nossos L\u00edderes de Casais:<\/p>\n\n\n\n<ul><li>Valdirene: 19 9-9175-0460<\/li><li>Edson: 19 9-9286-5251<\/li><\/ul>\n\n\n\n<div class=\"wp-block-image\"><figure class=\"aligncenter is-resized\"><img loading=\"lazy\" src=\"https:\/\/tse4.mm.bing.net\/th?id=OIP.Qb6aLpxFzb-9KKN8Cjl7uAHaGk&amp;pid=Api&amp;P=0&amp;w=171&amp;h=152\" alt=\"\" width=\"441\" height=\"392\"\/><\/figure><\/div>\n\n\n\n<ul><li><\/li><\/ul>\n<div class='sfsi_Sicons' style='width: 100%; display: inline-block; vertical-align: middle; text-align:left'><div style='margin:0px 8px 0px 0px; line-height: 24px'><span>((( Curtiu a ben\u00e7\u00e3o? Ent\u00e3o aben\u00e7oe outros compartilhando ! )))<\/span><\/div><div class='sfsi_socialwpr'><div class='sf_fb' style='text-align:left;vertical-align: middle;width:98px'><div class=\"fb-like\" data-href=\"http:\/\/ibsousas.org.br\/?page_id=110\" data-width=\"180\" data-send=\"false\" data-show-faces=\"false\"  data-action=\"like\" data-share=\"true\"data-layout=\"button\" ><\/div><\/div><\/div><\/div>","protected":false},"excerpt":{"rendered":"<p>Mais informa\u00e7\u00f5es sobre este Minist\u00e9rio ou precisando de um aconselhamento na \u00e1rea matrimonial? Fale com nossos L\u00edderes de Casais: Valdirene: 19 9-9175-0460 Edson: 19 9-9286-5251 ((( Curtiu a ben\u00e7\u00e3o? Ent\u00e3o aben\u00e7oe outros compartilhando ! )))<\/p>\n","protected":false},"author":1,"featured_media":0,"parent":0,"menu_order":0,"comment_status":"closed","ping_status":"closed","template":"","meta":[],"_links":{"self":[{"href":"http:\/\/ibsousas.org.br\/index.php?rest_route=\/wp\/v2\/pages\/110"}],"collection":[{"href":"http:\/\/ibsousas.org.br\/index.php?rest_route=\/wp\/v2\/pages"}],"about":[{"href":"http:\/\/ibsousas.org.br\/index.php?rest_route=\/wp\/v2\/types\/page"}],"author":[{"embeddable":true,"href":"http:\/\/ibsousas.org.br\/index.php?rest_route=\/wp\/v2\/users\/1"}],"replies":[{"embeddable":true,"href":"http:\/\/ibsousas.org.br\/index.php?rest_route=%2Fwp%2Fv2%2Fcomments&post=110"}],"version-history":[{"count":7,"href":"http:\/\/ibsousas.org.br\/index.php?rest_route=\/wp\/v2\/pages\/110\/revisions"}],"predecessor-version":[{"id":1157,"href":"http:\/\/ibsousas.org.br\/index.php?rest_route=\/wp\/v2\/pages\/110\/revisions\/1157"}],"wp:attachment":[{"href":"http:\/\/ibsousas.org.br\/index.php?rest_route=%2Fwp%2Fv2%2Fmedia&parent=110"}],"curies":[{"name":"wp","href":"https:\/\/api.w.org\/{rel}","templated":true}]}}